{"id":5016,"date":"2023-07-13T09:19:13","date_gmt":"2023-07-13T07:19:13","guid":{"rendered":"http:\/\/www.campingkims.com\/rates-and-offers\/pricing\/"},"modified":"2026-03-02T13:51:15","modified_gmt":"2026-03-02T12:51:15","slug":"pricing","status":"publish","type":"page","link":"https:\/\/www.campingkims.com\/en\/rates-and-offers\/pricing\/","title":{"rendered":"Pricing"},"content":{"rendered":"\n<div class=\"wp-block-group alignfull cover-page booking-article has-theme-orange-background-color has-background is-layout-constrained wp-block-group-is-layout-constrained\" style=\"margin-top:0px;margin-bottom:10vh\">\n<div class=\"wp-block-group alignwide animation--init--once pop-up is-vertical is-content-justification-center is-layout-flex wp-container-core-group-is-layout-1 wp-block-group-is-layout-flex\">\n<h1 class=\"wp-block-heading alignwide has-text-align-center has-theme-white-color has-text-color\">Camping Pitch Rates and Offers<\/h1>\n\n\n\n<p class=\"has-text-align-center has-theme-white-color has-text-color has-roboto-slab-font-family has-h-5-font-size\" style=\"text-transform:uppercase\">2026<\/p>\n<\/div>\n\n\n\n<div class=\"wp-block-group alignwide animation--init--once booking-container has-theme-orange-background-color has-background is-vertical is-content-justification-center is-layout-flex wp-container-core-group-is-layout-3 wp-block-group-is-layout-flex\" style=\"border-radius:2rem;margin-top:0px;margin-bottom:0px;padding-top:3rem;padding-right:3rem;padding-bottom:3rem;padding-left:3rem\">\n<div class=\"wp-block-group animation--init--once alignwide booking-title is-vertical is-content-justification-center is-layout-flex wp-container-core-group-is-layout-2 wp-block-group-is-layout-flex\">\n<p class=\"has-theme-dark-purple-color has-text-color has-roboto-slab-font-family has-h-6-font-size\">ONLINE BOOKINGS<\/p>\n\n\n\n<h4 class=\"wp-block-heading has-text-align-center has-theme-white-color has-text-color has-h-4-font-size\">Book your camping holidays in the Costa Brava<\/h4>\n\n\n\n<figure class=\"wp-block-image size-large is-resized wp-duotone-221b40-221b40-1\"><img decoding=\"async\" src=\"http:\/\/www.campingkims.com\/wp-content\/uploads\/ola-separadora.svg\" alt=\"\" class=\"wp-image-921\" width=\"70\"\/><\/figure>\n<\/div>\n\n\n<script>\n            document.addEventListener('DOMContentLoaded', function () {\n\n                var widget = new MasterWidget('widgetBookingContainer6029', {\n                    lang: 'en',idProperty: '61',class: 'widget_columns',categoryIds: [1],target: '_blank',dropdown: true,\n                    url: 'https:\/\/booking.campingkims.com'\n                });\n\n\n            });\n\n            <\/script><div id=\"widgetBookingContainer6029\"> <\/div>\n<\/div>\n<\/div>\n\n<div class=\"wp-block-group alignwide is-layout-constrained wp-block-group-is-layout-constrained\" style=\"margin-bottom:8vh\">\n<h2 class=\"wp-block-heading has-text-align-center animation--init--once slide-up has-theme-dark-purple-color has-text-color has-link-color wp-elements-6d35e7e2700ea0bcb03f3a8893bb7638\">Forfait May<\/h2>\n\n\n\n<div class=\"wp-block-columns animation--init--once slide-up is-layout-flex wp-container-core-columns-is-layout-1 wp-block-columns-is-layout-flex\">\n<div class=\"wp-block-column has-theme-grey-background-color has-background is-layout-flow wp-block-column-is-layout-flow\">\n<p class=\"has-text-align-center has-theme-dark-purple-color has-text-color has-link-color has-h-6-font-size wp-elements-4466096ed608c31279ff9b3daac69d2d\"><strong>7 Nights<\/strong><\/p>\n\n\n\n<div class=\"wp-block-group is-vertical is-content-justification-center is-layout-flex wp-container-core-group-is-layout-5 wp-block-group-is-layout-flex\">\n<p class=\"has-theme-purple-color has-text-color has-link-color has-h-4-font-size wp-elements-22c16878c6342e1eed4cd07717c2f1a8\"><strong>189\u20ac<\/strong><\/p>\n\n\n\n<p class=\"has-text-align-left has-theme-purple-color has-text-color has-link-color has-h-6-font-size wp-elements-fa7daea3c6859c1f8a813d740a25b797\"><strong>27\u20ac\/night<\/strong><\/p>\n<\/div>\n<\/div>\n\n\n\n<div class=\"wp-block-column has-theme-grey-background-color has-background is-layout-flow wp-block-column-is-layout-flow\">\n<p class=\"has-text-align-center has-theme-dark-purple-color has-text-color has-link-color has-h-6-font-size wp-elements-d33d81c00eeec20e9eedd26a75dec536\"><strong>14 Nights <\/strong><\/p>\n\n\n\n<div class=\"wp-block-group is-vertical is-content-justification-center is-layout-flex wp-container-core-group-is-layout-6 wp-block-group-is-layout-flex\">\n<p class=\"has-theme-purple-color has-text-color has-link-color has-h-4-font-size wp-elements-646af933ed3c847ca849617bdaaa237b\"><strong>350\u20ac<\/strong><\/p>\n\n\n\n<p class=\"has-text-align-left has-theme-purple-color has-text-color has-link-color has-h-6-font-size wp-elements-5eb85e2645994ec47421a2bb67909e4d\"><strong>25\u20ac\/night<\/strong><\/p>\n<\/div>\n<\/div>\n\n\n\n<div class=\"wp-block-column has-theme-grey-background-color has-background is-layout-flow wp-block-column-is-layout-flow\">\n<p class=\"has-text-align-center has-theme-dark-purple-color has-text-color has-link-color has-h-6-font-size wp-elements-37fd9fee1bb9f6d54831457aa12887ad\"><strong>21 Nights <\/strong><\/p>\n\n\n\n<div class=\"wp-block-group is-vertical is-content-justification-center is-layout-flex wp-container-core-group-is-layout-7 wp-block-group-is-layout-flex\">\n<p class=\"has-theme-purple-color has-text-color has-link-color has-h-4-font-size wp-elements-6ec8db418e4152f30a3019f6e7b05f63\"><strong>462\u20ac<\/strong><\/p>\n\n\n\n<p class=\"has-text-align-left has-theme-purple-color has-text-color has-link-color has-h-6-font-size wp-elements-6247a9fe044bd1b97cec60af5a4e403d\"><strong>22\u20ac\/night<\/strong><\/p>\n<\/div>\n<\/div>\n\n\n\n<div class=\"wp-block-column has-theme-grey-background-color has-background is-layout-flow wp-block-column-is-layout-flow\">\n<p class=\"has-text-align-center has-theme-dark-purple-color has-text-color has-link-color has-h-6-font-size wp-elements-008bb31527650b37fb6734b9b60c001c\"><strong>30 Nights <\/strong><\/p>\n\n\n\n<div class=\"wp-block-group is-vertical is-content-justification-center is-layout-flex wp-container-core-group-is-layout-8 wp-block-group-is-layout-flex\">\n<p class=\"has-theme-purple-color has-text-color has-link-color has-h-4-font-size wp-elements-fd259460769b90c489822f0340419101\"><strong>570\u20ac<\/strong><\/p>\n\n\n\n<p class=\"has-text-align-left has-theme-purple-color has-text-color has-link-color has-h-6-font-size wp-elements-a5a720f3d001b10d02a041694280f86a\"><strong>19\u20ac\/night<\/strong><\/p>\n<\/div>\n<\/div>\n<\/div>\n\n\n\n<p class=\"has-text-align-center animation--init--once slide-up has-h-5-font-size\">Pitch + 2 persons<\/p>\n\n\n\n<p class=\"has-text-align-center animation--init--once slide-up has-text-small-font-size\">Prices per night. 10% VAT included.<br\/>Tourist tax not included: \u20ac0.66\/night per person (+17 years old) for a maximum of 7 nights. <\/p>\n<\/div>\n\n<h2 class=\"wp-block-heading alignwide animation--init--once slide-right has-theme-dark-purple-color has-text-color\">Camping pitch rates<\/h2>\n\n<div class=\"wp-block-group alignfull camping-table-container is-layout-constrained wp-block-group-is-layout-constrained\">\n<figure class=\"wp-block-table alignwide styled-table camping-table is-style-stripes animation--init--once slide-up\" style=\"margin-bottom:10vh\"><table><thead><tr><th>Price per night<\/th><th class=\"has-text-align-center\" data-align=\"center\">Adult<\/th><th class=\"has-text-align-center\" data-align=\"center\">Child (3 \u2013 10 y)<\/th><th class=\"has-text-align-center\" data-align=\"center\">Pitch<\/th><th class=\"has-text-align-center\" data-align=\"center\">Visit adult<\/th><th class=\"has-text-align-center\" data-align=\"center\">Visit child<\/th><\/tr><\/thead><tbody><tr><td><strong>30\/04 &#8211; 31\/05 | 14\/09 &#8211; 27\/09<\/strong><br>LOW SEASON<\/td><td class=\"has-text-align-center\" data-align=\"center\"><strong>6<sup>&#8217;50\u20ac<\/sup><\/strong><\/td><td class=\"has-text-align-center\" data-align=\"center\"><strong>3<sup>,20\u20ac<\/sup><\/strong><\/td><td class=\"has-text-align-center\" data-align=\"center\"><strong>14<sup>,00\u20ac<\/sup><\/strong><\/td><td class=\"has-text-align-center\" data-align=\"center\"><strong>8<sup>,00\u20ac<\/sup><\/strong><\/td><td class=\"has-text-align-center\" data-align=\"center\"><strong>5<sup>,00\u20ac<\/sup><\/strong><\/td><\/tr><tr><td><strong>01\/06 &#8211; 21\/06 | 01\/09 &#8211; 13\/09 <\/strong><br>MID SEASON 1<\/td><td class=\"has-text-align-center\" data-align=\"center\"><strong>8<sup>&#8217;50\u20ac<\/sup><\/strong><\/td><td class=\"has-text-align-center\" data-align=\"center\"><strong>4<sup>,80\u20ac<\/sup><\/strong><\/td><td class=\"has-text-align-center\" data-align=\"center\"><strong>17<sup>,00\u20ac<\/sup><\/strong><\/td><td class=\"has-text-align-center\" data-align=\"center\"><strong>10<sup>,00\u20ac<\/sup><\/strong><\/td><td class=\"has-text-align-center\" data-align=\"center\"><strong>6<sup>,00\u20ac<\/sup><\/strong><\/td><\/tr><tr><td><strong>22\/06 &#8211; 16\/07 | 24\/08 &#8211; 31\/08<\/strong><br>MID SEASON 2<\/td><td class=\"has-text-align-center\" data-align=\"center\"><strong>9<sup>&#8217;50\u20ac<\/sup><\/strong><\/td><td class=\"has-text-align-center\" data-align=\"center\"><strong>5<sup>&#8217;80\u20ac<\/sup><\/strong><\/td><td class=\"has-text-align-center\" data-align=\"center\"><strong>29<sup>&#8217;00\u20ac<\/sup><\/strong><\/td><td class=\"has-text-align-center\" data-align=\"center\"><strong>11<sup>&#8217;00\u20ac<\/sup><\/strong><\/td><td class=\"has-text-align-center\" data-align=\"center\"><strong>8<sup>&#8217;00\u20ac<\/sup><\/strong><\/td><\/tr><tr><td><strong>17\/07 &#8211; 23\/08<\/strong><br>HIGH SEASON<\/td><td class=\"has-text-align-center\" data-align=\"center\"><strong>10<sup>,90\u20ac<\/sup><\/strong><\/td><td class=\"has-text-align-center\" data-align=\"center\"><strong>6<sup>,40\u20ac<\/sup><\/strong><\/td><td class=\"has-text-align-center\" data-align=\"center\"><strong>45<sup>,20\u20ac<\/sup><\/strong><\/td><td class=\"has-text-align-center\" data-align=\"center\"><strong>12<sup>,00\u20ac<\/sup><\/strong><\/td><td class=\"has-text-align-center\" data-align=\"center\"><strong>9<sup>,00\u20ac<\/sup><\/strong><\/td><\/tr><\/tbody><\/table><\/figure>\n<\/div>\n\n<div class=\"wp-block-auto-tabs accommodation-tabs alignfull has-custom-margin animation--init--once\" style=\"margin-bottom:14vh;\" data-selector=\"h3\">\n  <div class=\"acf-innerblocks-container\">\n\n<div class=\"wp-block-group auto-tabs-wrapper is-layout-flow wp-block-group-is-layout-flow\">\n<p class=\"has-text-align-center\"><strong>Aqu\u00ed se mostrar\u00e1n las pesta\u00f1as.<\/strong><br\/> El primer <strong>h3<\/strong> de cada contenido se usar\u00e1 como t\u00edtulo de su pesta\u00f1a. Puedes cambiarlo por otro tag o una clase en el panel lateral<\/p>\n<\/div>\n\n\n\n<div class=\"wp-block-group auto-content-wrapper has-theme-soft-blue-background-color has-background is-layout-flow wp-block-group-is-layout-flow\">\n<div class=\"wp-block-group is-layout-flow wp-block-group-is-layout-flow\">\n<h3 class=\"wp-block-heading has-text-align-center\">Information<\/h3>\n\n\n\n<ul class=\"styled-list has-theme-purple-color has-text-color wp-block-list\">\n<li><strong>Price in Euros (\u20ac EUR).<\/strong><br\/>VAT 10% included. In case of official VAT variation, rates may change.<\/li>\n\n\n\n<li><strong>Tourist Tax not incluided:<\/strong> 0,66\u20ac\/night per person (+ 17y) for a maximum of 7 nights<\/li>\n\n\n\n<li><strong>Arrival:<\/strong> plots will be available from 12:00h.<\/li>\n\n\n\n<li><strong>Departure:<\/strong> plots must be vacated before 12:00h.<\/li>\n\n\n\n<li><\/li>\n<\/ul>\n<\/div>\n\n\n\n<div class=\"wp-block-group is-layout-flow wp-block-group-is-layout-flow\">\n<h3 class=\"wp-block-heading has-text-align-center\">Conditions<\/h3>\n\n\n\n<ul class=\"styled-list has-theme-purple-color has-text-color wp-block-list\">\n<li>Booking fee is 60\u20ac per pitch. This fee will be subtracted from the total amount of your stay.<\/li>\n\n\n\n<li>This payment does not grant any right to choose a specific plot number. Once the payment and signal is received, the reservation will be confirmed.<\/li>\n\n\n\n<li>CANCELLATION TERMS\n<ul class=\"wp-block-list\">\n<li>Cancellation 5 to 3 weeks before arrival date: Withholding 60% of the deposit.<\/li>\n\n\n\n<li>Cancellation 2 weeks before arrival date: Withholding 100% of the deposit.<\/li>\n\n\n\n<li>Minimum withhold for cancellation costs from international transfer: 35\u20ac.<\/li>\n<\/ul>\n<\/li>\n<\/ul>\n<\/div>\n<\/div>\n\n<\/div><\/div>\n<figure class=\"wp-block-image size-large is-style-icon-row animation--init--once slide-left discount-icon wp-duotone-ffb434-ffb434-2\"><img loading=\"lazy\" decoding=\"async\" width=\"25\" height=\"25\" src=\"http:\/\/www.campingkims.com\/wp-content\/uploads\/descuento.svg\" alt=\"\" class=\"wp-image-1492\"\/><figcaption class=\"wp-element-caption\"><strong>Camping Pitch Offers<\/strong><\/figcaption><\/figure>\n\n\n\n<div class=\"wp-block-columns alignwide is-layout-flex wp-container-core-columns-is-layout-2 wp-block-columns-is-layout-flex\">\n<div class=\"wp-block-column price-col animation--init--once slide-up has-theme-white-color has-theme-orange-background-color has-text-color has-background is-layout-flow wp-block-column-is-layout-flow\">\n<p class=\"large-font has-h-2-font-size\" style=\"margin-bottom:0px\"><strong><em>10% + 7 nights<\/em><\/strong><\/p>\n\n\n\n<p class=\"large-font has-h-2-font-size\" style=\"margin-top:0px\"><em><strong>13% + 14 nights<\/strong><\/em><\/p>\n\n\n\n<p class=\"large-font has-h-2-font-size\" style=\"margin-top:0px\"><strong><em>15% + 20 nights<\/em><\/strong><\/p>\n\n\n\n<p class=\"large-font has-h-2-font-size\" style=\"margin-top:0px\"><strong><em>20% + 30 nights<\/em><\/strong><\/p>\n\n\n\n<p class=\"is-style-default has-roboto-slab-font-family has-text-small-font-size\" style=\"margin-top:0px;text-transform:uppercase\"><strong><strong>30\/04 \u2013 16\/07 \u00a0|\u00a024\/08 \u2013 27\/09<\/strong><\/strong><\/p>\n\n\n\n<p class=\"is-style-default has-roboto-slab-font-family has-text-small-font-size\" style=\"margin-top:0px;text-transform:uppercase\"><strong>LOW-MID SEASON<\/strong><\/p>\n\n\n\n<p class=\"is-style-default\" style=\"margin-top:0px\">1 camping pitch + 2 people + car + power outlet<\/p>\n<\/div>\n\n\n\n<div class=\"wp-block-column price-col animation--init--once slide-up delay-1 has-theme-white-color has-theme-blue-background-color has-text-color has-background is-layout-flow wp-block-column-is-layout-flow\">\n<p class=\"large-font has-h-2-font-size\"><strong><em>5% + 7 nights<\/em><\/strong><\/p>\n\n\n\n<p class=\"is-style-default has-roboto-slab-font-family has-text-small-font-size\" style=\"margin-top:0px;text-transform:uppercase\"><strong>17\/07-23\/08<\/strong><\/p>\n\n\n\n<p class=\"is-style-default has-roboto-slab-font-family has-text-small-font-size\" style=\"margin-top:0px;text-transform:uppercase\"><strong>HIGH SEASON<\/strong><\/p>\n\n\n\n<p class=\"is-style-default\" style=\"margin-top:0px\">1 camping pitch + 2 people + car + power outlet<\/p>\n<\/div>\n<\/div>\n\n\n\n<p class=\"animation--init--once slide-left alignwide has-theme-purple-color has-text-color has-text-small-font-size\" style=\"margin-bottom:10vh\">* Discount for stays over 7 nights<br>* Non-accumulative discounts, already applied when making the reservation<\/p>\n\n<div class=\"wp-block-buttons animation--init--once slide-up is-content-justification-center is-layout-flex wp-container-core-buttons-is-layout-1 wp-block-buttons-is-layout-flex\" style=\"margin-bottom:18vh\">\n<div class=\"wp-block-button invert-icon\"><a class=\"wp-block-button__link has-theme-green-background-color has-background wp-element-button\" href=\"https:\/\/booking.campingkims.com\/search?categoryIds=1&amp;lang=es\" style=\"border-radius:8px\" target=\"_blank\" rel=\"noreferrer noopener\"><img loading=\"lazy\" decoding=\"async\" width=\"25\" height=\"24\" class=\"wp-image-1321\" style=\"width: 25px;\" src=\"http:\/\/www.campingkims.com\/wp-content\/uploads\/reservar.svg\" alt=\"\"\/><strong>CHECK AVAILABILITY<\/strong><\/a><\/div>\n<\/div>\n","protected":false},"excerpt":{"rendered":"<p>Camping Pitch Rates and Offers 2026 Forfait May 7 Nights 189\u20ac 27\u20ac\/night 14 Nights 350\u20ac 25\u20ac\/night 21 Nights 462\u20ac 22\u20ac\/night 30 Nights 570\u20ac 19\u20ac\/night Pitch&#8230;<\/p>\n","protected":false},"author":2,"featured_media":0,"parent":5000,"menu_order":0,"comment_status":"closed","ping_status":"closed","template":"","meta":{"_acf_changed":false,"inline_featured_image":false,"footnotes":""},"class_list":["post-5016","page","type-page","status-publish","hentry"],"acf":[],"yoast_head":"<!-- This site is optimized with the Yoast SEO plugin v23.5 - https:\/\/yoast.com\/wordpress\/plugins\/seo\/ -->\n<title>Pricing - Camping Kim&#039;s Llafranc<\/title>\n<meta name=\"description\" content=\"Camping Pitch Rates and Offers 2026 Forfait May 7 Nights 189\u20ac 27\u20ac\/night 14 Nights 350\u20ac 25\u20ac\/night 21 Nights 462\u20ac 22\u20ac\/night 30 Nights 570\u20ac 19\u20ac\/night Pitch +\" \/>\n<meta name=\"robots\" content=\"index, follow, max-snippet:-1, max-image-preview:large, max-video-preview:-1\" \/>\n<link rel=\"canonical\" href=\"https:\/\/www.campingkims.com\/en\/rates-and-offers\/pricing\/\" \/>\n<meta property=\"og:locale\" content=\"en_US\" \/>\n<meta property=\"og:type\" content=\"article\" \/>\n<meta property=\"og:title\" content=\"Pricing - Camping Kim&#039;s Llafranc\" \/>\n<meta property=\"og:description\" content=\"Camping Pitch Rates and Offers 2026 Forfait May 7 Nights 189\u20ac 27\u20ac\/night 14 Nights 350\u20ac 25\u20ac\/night 21 Nights 462\u20ac 22\u20ac\/night 30 Nights 570\u20ac 19\u20ac\/night Pitch +\" \/>\n<meta property=\"og:url\" content=\"https:\/\/www.campingkims.com\/en\/rates-and-offers\/pricing\/\" \/>\n<meta property=\"og:site_name\" content=\"Camping Kim&#039;s Llafranc\" \/>\n<meta property=\"article:modified_time\" content=\"2026-03-02T12:51:15+00:00\" \/>\n<meta property=\"og:image\" content=\"http:\/\/www.campingkims.com\/wp-content\/uploads\/reservar.svg\" \/>\n<meta name=\"twitter:card\" content=\"summary_large_image\" \/>\n<script type=\"application\/ld+json\" class=\"yoast-schema-graph\">{\"@context\":\"https:\/\/schema.org\",\"@graph\":[{\"@type\":\"WebPage\",\"@id\":\"https:\/\/www.campingkims.com\/en\/rates-and-offers\/pricing\/\",\"url\":\"https:\/\/www.campingkims.com\/en\/rates-and-offers\/pricing\/\",\"name\":\"Pricing - Camping Kim&#039;s Llafranc\",\"isPartOf\":{\"@id\":\"https:\/\/www.campingkims.com\/en\/#website\"},\"primaryImageOfPage\":{\"@id\":\"https:\/\/www.campingkims.com\/en\/rates-and-offers\/pricing\/#primaryimage\"},\"image\":{\"@id\":\"https:\/\/www.campingkims.com\/en\/rates-and-offers\/pricing\/#primaryimage\"},\"thumbnailUrl\":\"http:\/\/www.campingkims.com\/wp-content\/uploads\/reservar.svg\",\"datePublished\":\"2023-07-13T07:19:13+00:00\",\"dateModified\":\"2026-03-02T12:51:15+00:00\",\"description\":\"Camping Pitch Rates and Offers 2026 Forfait May 7 Nights 189\u20ac 27\u20ac\/night 14 Nights 350\u20ac 25\u20ac\/night 21 Nights 462\u20ac 22\u20ac\/night 30 Nights 570\u20ac 19\u20ac\/night Pitch +\",\"breadcrumb\":{\"@id\":\"https:\/\/www.campingkims.com\/en\/rates-and-offers\/pricing\/#breadcrumb\"},\"inLanguage\":\"en-US\",\"potentialAction\":[{\"@type\":\"ReadAction\",\"target\":[\"https:\/\/www.campingkims.com\/en\/rates-and-offers\/pricing\/\"]}]},{\"@type\":\"ImageObject\",\"inLanguage\":\"en-US\",\"@id\":\"https:\/\/www.campingkims.com\/en\/rates-and-offers\/pricing\/#primaryimage\",\"url\":\"http:\/\/www.campingkims.com\/wp-content\/uploads\/reservar.svg\",\"contentUrl\":\"http:\/\/www.campingkims.com\/wp-content\/uploads\/reservar.svg\"},{\"@type\":\"BreadcrumbList\",\"@id\":\"https:\/\/www.campingkims.com\/en\/rates-and-offers\/pricing\/#breadcrumb\",\"itemListElement\":[{\"@type\":\"ListItem\",\"position\":1,\"name\":\"Portada\",\"item\":\"https:\/\/www.campingkims.com\/en\/\"},{\"@type\":\"ListItem\",\"position\":2,\"name\":\"Rates and Offers\",\"item\":\"https:\/\/www.campingkims.com\/en\/rates-and-offers\/\"},{\"@type\":\"ListItem\",\"position\":3,\"name\":\"Pricing\"}]},{\"@type\":\"WebSite\",\"@id\":\"https:\/\/www.campingkims.com\/en\/#website\",\"url\":\"https:\/\/www.campingkims.com\/en\/\",\"name\":\"Camping Kim's Llafranc\",\"description\":\"Kim&#039;s Camping Caravaning &amp; Bungalow Park\",\"publisher\":{\"@id\":\"https:\/\/www.campingkims.com\/en\/#organization\"},\"potentialAction\":[{\"@type\":\"SearchAction\",\"target\":{\"@type\":\"EntryPoint\",\"urlTemplate\":\"https:\/\/www.campingkims.com\/en\/?s={search_term_string}\"},\"query-input\":{\"@type\":\"PropertyValueSpecification\",\"valueRequired\":true,\"valueName\":\"search_term_string\"}}],\"inLanguage\":\"en-US\"},{\"@type\":\"Organization\",\"@id\":\"https:\/\/www.campingkims.com\/en\/#organization\",\"name\":\"Camping Kim's Llafranc\",\"url\":\"https:\/\/www.campingkims.com\/en\/\",\"logo\":{\"@type\":\"ImageObject\",\"inLanguage\":\"en-US\",\"@id\":\"https:\/\/www.campingkims.com\/en\/#\/schema\/logo\/image\/\",\"url\":\"https:\/\/www.campingkims.com\/wp-content\/uploads\/logo-camping-kims-llafranc-costa-brava.png\",\"contentUrl\":\"https:\/\/www.campingkims.com\/wp-content\/uploads\/logo-camping-kims-llafranc-costa-brava.png\",\"width\":537,\"height\":257,\"caption\":\"Camping Kim's Llafranc\"},\"image\":{\"@id\":\"https:\/\/www.campingkims.com\/en\/#\/schema\/logo\/image\/\"}}]}<\/script>\n<!-- \/ Yoast SEO plugin. -->","yoast_head_json":{"title":"Pricing - Camping Kim&#039;s Llafranc","description":"Camping Pitch Rates and Offers 2026 Forfait May 7 Nights 189\u20ac 27\u20ac\/night 14 Nights 350\u20ac 25\u20ac\/night 21 Nights 462\u20ac 22\u20ac\/night 30 Nights 570\u20ac 19\u20ac\/night Pitch +","robots":{"index":"index","follow":"follow","max-snippet":"max-snippet:-1","max-image-preview":"max-image-preview:large","max-video-preview":"max-video-preview:-1"},"canonical":"https:\/\/www.campingkims.com\/en\/rates-and-offers\/pricing\/","og_locale":"en_US","og_type":"article","og_title":"Pricing - Camping Kim&#039;s Llafranc","og_description":"Camping Pitch Rates and Offers 2026 Forfait May 7 Nights 189\u20ac 27\u20ac\/night 14 Nights 350\u20ac 25\u20ac\/night 21 Nights 462\u20ac 22\u20ac\/night 30 Nights 570\u20ac 19\u20ac\/night Pitch +","og_url":"https:\/\/www.campingkims.com\/en\/rates-and-offers\/pricing\/","og_site_name":"Camping Kim&#039;s Llafranc","article_modified_time":"2026-03-02T12:51:15+00:00","og_image":[{"url":"http:\/\/www.campingkims.com\/wp-content\/uploads\/reservar.svg"}],"twitter_card":"summary_large_image","schema":{"@context":"https:\/\/schema.org","@graph":[{"@type":"WebPage","@id":"https:\/\/www.campingkims.com\/en\/rates-and-offers\/pricing\/","url":"https:\/\/www.campingkims.com\/en\/rates-and-offers\/pricing\/","name":"Pricing - Camping Kim&#039;s Llafranc","isPartOf":{"@id":"https:\/\/www.campingkims.com\/en\/#website"},"primaryImageOfPage":{"@id":"https:\/\/www.campingkims.com\/en\/rates-and-offers\/pricing\/#primaryimage"},"image":{"@id":"https:\/\/www.campingkims.com\/en\/rates-and-offers\/pricing\/#primaryimage"},"thumbnailUrl":"http:\/\/www.campingkims.com\/wp-content\/uploads\/reservar.svg","datePublished":"2023-07-13T07:19:13+00:00","dateModified":"2026-03-02T12:51:15+00:00","description":"Camping Pitch Rates and Offers 2026 Forfait May 7 Nights 189\u20ac 27\u20ac\/night 14 Nights 350\u20ac 25\u20ac\/night 21 Nights 462\u20ac 22\u20ac\/night 30 Nights 570\u20ac 19\u20ac\/night Pitch +","breadcrumb":{"@id":"https:\/\/www.campingkims.com\/en\/rates-and-offers\/pricing\/#breadcrumb"},"inLanguage":"en-US","potentialAction":[{"@type":"ReadAction","target":["https:\/\/www.campingkims.com\/en\/rates-and-offers\/pricing\/"]}]},{"@type":"ImageObject","inLanguage":"en-US","@id":"https:\/\/www.campingkims.com\/en\/rates-and-offers\/pricing\/#primaryimage","url":"http:\/\/www.campingkims.com\/wp-content\/uploads\/reservar.svg","contentUrl":"http:\/\/www.campingkims.com\/wp-content\/uploads\/reservar.svg"},{"@type":"BreadcrumbList","@id":"https:\/\/www.campingkims.com\/en\/rates-and-offers\/pricing\/#breadcrumb","itemListElement":[{"@type":"ListItem","position":1,"name":"Portada","item":"https:\/\/www.campingkims.com\/en\/"},{"@type":"ListItem","position":2,"name":"Rates and Offers","item":"https:\/\/www.campingkims.com\/en\/rates-and-offers\/"},{"@type":"ListItem","position":3,"name":"Pricing"}]},{"@type":"WebSite","@id":"https:\/\/www.campingkims.com\/en\/#website","url":"https:\/\/www.campingkims.com\/en\/","name":"Camping Kim's Llafranc","description":"Kim&#039;s Camping Caravaning &amp; Bungalow Park","publisher":{"@id":"https:\/\/www.campingkims.com\/en\/#organization"},"potentialAction":[{"@type":"SearchAction","target":{"@type":"EntryPoint","urlTemplate":"https:\/\/www.campingkims.com\/en\/?s={search_term_string}"},"query-input":{"@type":"PropertyValueSpecification","valueRequired":true,"valueName":"search_term_string"}}],"inLanguage":"en-US"},{"@type":"Organization","@id":"https:\/\/www.campingkims.com\/en\/#organization","name":"Camping Kim's Llafranc","url":"https:\/\/www.campingkims.com\/en\/","logo":{"@type":"ImageObject","inLanguage":"en-US","@id":"https:\/\/www.campingkims.com\/en\/#\/schema\/logo\/image\/","url":"https:\/\/www.campingkims.com\/wp-content\/uploads\/logo-camping-kims-llafranc-costa-brava.png","contentUrl":"https:\/\/www.campingkims.com\/wp-content\/uploads\/logo-camping-kims-llafranc-costa-brava.png","width":537,"height":257,"caption":"Camping Kim's Llafranc"},"image":{"@id":"https:\/\/www.campingkims.com\/en\/#\/schema\/logo\/image\/"}}]}},"_links":{"self":[{"href":"https:\/\/www.campingkims.com\/en\/wp-json\/wp\/v2\/pages\/5016"}],"collection":[{"href":"https:\/\/www.campingkims.com\/en\/wp-json\/wp\/v2\/pages"}],"about":[{"href":"https:\/\/www.campingkims.com\/en\/wp-json\/wp\/v2\/types\/page"}],"author":[{"embeddable":true,"href":"https:\/\/www.campingkims.com\/en\/wp-json\/wp\/v2\/users\/2"}],"replies":[{"embeddable":true,"href":"https:\/\/www.campingkims.com\/en\/wp-json\/wp\/v2\/comments?post=5016"}],"version-history":[{"count":12,"href":"https:\/\/www.campingkims.com\/en\/wp-json\/wp\/v2\/pages\/5016\/revisions"}],"predecessor-version":[{"id":9465,"href":"https:\/\/www.campingkims.com\/en\/wp-json\/wp\/v2\/pages\/5016\/revisions\/9465"}],"up":[{"embeddable":true,"href":"https:\/\/www.campingkims.com\/en\/wp-json\/wp\/v2\/pages\/5000"}],"wp:attachment":[{"href":"https:\/\/www.campingkims.com\/en\/wp-json\/wp\/v2\/media?parent=5016"}],"curies":[{"name":"wp","href":"https:\/\/api.w.org\/{rel}","templated":true}]}}