{"id":5781,"date":"2023-07-13T17:01:42","date_gmt":"2023-07-13T15:01:42","guid":{"rendered":"http:\/\/www.campingkims.com\/booking-conditions\/"},"modified":"2023-08-17T10:46:34","modified_gmt":"2023-08-17T08:46:34","slug":"booking-conditions","status":"publish","type":"page","link":"https:\/\/www.campingkims.com\/en\/booking-conditions\/","title":{"rendered":"Booking conditions"},"content":{"rendered":"\n<div class=\"wp-block-cover alignfull cover-page animation--init--once is-style-no-margin\" style=\"margin-top:0px;margin-bottom:8vh;min-height:795px;aspect-ratio:unset;\"><span aria-hidden=\"true\" class=\"wp-block-cover__background has-background-dim-0 has-background-dim has-background-gradient has-theme-black-transparent-gradient-background\"><\/span><img loading=\"lazy\" decoding=\"async\" width=\"1920\" height=\"1280\" class=\"wp-block-cover__image-background wp-image-1820\" alt=\"\" src=\"http:\/\/www.campingkims.com\/wp-content\/uploads\/parcelas-02.webp\" data-object-fit=\"cover\" srcset=\"https:\/\/www.campingkims.com\/wp-content\/uploads\/parcelas-02.webp 1920w, https:\/\/www.campingkims.com\/wp-content\/uploads\/parcelas-02-1024x683.webp 1024w, https:\/\/www.campingkims.com\/wp-content\/uploads\/parcelas-02-768x512.webp 768w, https:\/\/www.campingkims.com\/wp-content\/uploads\/parcelas-02-1536x1024.webp 1536w, https:\/\/www.campingkims.com\/wp-content\/uploads\/parcelas-02-512x341.webp 512w, https:\/\/www.campingkims.com\/wp-content\/uploads\/parcelas-02-256x171.webp 256w\" sizes=\"(max-width: 1920px) 100vw, 1920px\" \/><div class=\"wp-block-cover__inner-container is-layout-flow wp-block-cover-is-layout-flow\">\n<figure class=\"wp-block-image alignfull size-large animation--init--once slide-up is-style-no-margin waves\"><img loading=\"lazy\" decoding=\"async\" width=\"1700\" height=\"102\" src=\"http:\/\/www.campingkims.com\/wp-content\/uploads\/waves-orange-1.svg\" alt=\"\" class=\"wp-image-3751\"\/><\/figure>\n\n\n<div class=\"wp-block-group animation--init--once pop-up is-vertical is-content-justification-center is-layout-flex wp-container-core-group-is-layout-1 wp-block-group-is-layout-flex\">\n<h1 class=\"wp-block-heading has-text-align-center has-theme-white-color has-text-color\">Booking conditions<\/h1>\n\n\n\n<p class=\"has-text-align-center has-theme-white-color has-text-color has-roboto-slab-font-family has-h-5-font-size\" style=\"text-transform:uppercase\">Cancellation conditions<\/p>\n<\/div>\n<\/div><\/div>\n\n<div class=\"wp-block-group alignfull booking-section has-theme-orange-background-color has-background is-layout-constrained wp-block-group-is-layout-constrained\" style=\"margin-top:0px;margin-bottom:10vh\">\n<div class=\"wp-block-group alignwide animation--init--once booking-container has-theme-orange-background-color has-background is-vertical is-content-justification-center is-layout-flex wp-container-core-group-is-layout-3 wp-block-group-is-layout-flex\" style=\"border-radius:2rem;margin-top:0px;margin-bottom:0px;padding-top:3rem;padding-right:3rem;padding-bottom:3rem;padding-left:3rem\">\n<div class=\"wp-block-group animation--init--once alignwide booking-title is-vertical is-content-justification-center is-layout-flex wp-container-core-group-is-layout-2 wp-block-group-is-layout-flex\">\n<p class=\"has-theme-dark-purple-color has-text-color has-roboto-slab-font-family has-h-6-font-size\">ONLINE BOOKINGS<\/p>\n\n\n\n<h3 class=\"wp-block-heading has-text-align-center has-theme-white-color has-text-color has-h-4-font-size\">Book your camping holidays in the Costa Brava<\/h3>\n\n\n\n<figure class=\"wp-block-image size-large is-resized wp-duotone-221b40-221b40-1\"><img loading=\"lazy\" decoding=\"async\" width=\"25\" height=\"9\" src=\"http:\/\/www.campingkims.com\/wp-content\/uploads\/ola-separadora.svg\" alt=\"\" class=\"wp-image-921\" style=\"width:70px\"\/><\/figure>\n<\/div>\n\n\n<script>\n            document.addEventListener('DOMContentLoaded', function () {\n\n                var widget = new MasterWidget('widgetBookingContainer5170', {\n                    lang: 'en',idProperty: '61',class: 'widget_columns',target: '_blank',dropdown: true,\n                    url: 'https:\/\/booking.campingkims.com'\n                });\n\n\n            });\n\n            <\/script><div id=\"widgetBookingContainer5170\"> <\/div>\n<\/div>\n<\/div>\n\n<h2 class=\"wp-block-heading has-text-align-center has-theme-purple-color has-text-color\">Accommodation<\/h2>\n\n<div class=\"wp-block-auto-tabs accommodation-tabs alignfull has-custom-margin animation--init--once\" style=\"margin-bottom:14vh;\" data-selector=\"h3\">\n  <div class=\"acf-innerblocks-container\">\n\n<div class=\"wp-block-group auto-tabs-wrapper is-layout-flow wp-block-group-is-layout-flow\">\n<p class=\"has-text-align-center\"><strong>Aqu\u00ed se mostrar\u00e1n las pesta\u00f1as.<\/strong><br\/> El primer <strong>h3<\/strong> de cada contenido se usar\u00e1 como t\u00edtulo de su pesta\u00f1a. Puedes cambiarlo por otro tag o una clase en el panel lateral<\/p>\n<\/div>\n\n\n\n<div class=\"wp-block-group auto-content-wrapper has-theme-soft-blue-background-color has-background is-layout-flow wp-block-group-is-layout-flow\">\n<div class=\"wp-block-group is-layout-flow wp-block-group-is-layout-flow\">\n<h3 class=\"wp-block-heading has-text-align-center\">Information<\/h3>\n\n\n\n<ul class=\"styled-list has-theme-purple-color has-text-color wp-block-list\">\n<li><strong>Price in Euros (\u20ac EUR).<\/strong><br\/>VAT 10% included. In case of official VAT variation, rates may change.<\/li>\n\n\n\n<li><strong>Tourist Tax not incluided:<\/strong> 0,66\u20ac\/night per person (+ 17y) for a maximum of 7 nights<\/li>\n\n\n\n<li><strong>Arrival:<\/strong> accommodations will be ready from 16:00h.<\/li>\n\n\n\n<li><strong>Departure:<\/strong> accommodations must be left before 11:00h.<\/li>\n\n\n\n<li><strong>Late Checkout<\/strong><br\/>During Low and Mid seasons, we allow late check-out (max. 17:00h). According to availability and always with previous request at the reception.<\/li>\n<\/ul>\n<\/div>\n\n\n\n<div class=\"wp-block-group is-layout-flow wp-block-group-is-layout-flow\">\n<h3 class=\"wp-block-heading has-text-align-center\">Conditions<\/h3>\n\n\n\n<ul class=\"styled-list has-theme-purple-color has-text-color wp-block-list\">\n<li>The Reservation will be effective upon receipt of the corresponding deposit (40% of the total amount of the stay).<\/li>\n\n\n\n<li>The rest of the total amount must be paid on the day of arrival along with a deposit that will be given at the time of entry (\u20ac 130 for any breakage, losses, etc. + \u20ac 50 in concept of cleaning) that will be returned on the day of departure if everything is correct.<\/li>\n\n\n\n<li>\u00c0 l&#8217;arriv\u00e9e, il vous sera demand\u00e9 de fournir un num\u00e9ro de carte de cr\u00e8dit. Pour \u00eatre utilis\u00e9e uniquement en cas de dommages survenus pendant votre s\u00e9jour.<\/li>\n\n\n\n<li>The accommodation will be left clean and picked up as delivered.<\/li>\n<\/ul>\n<\/div>\n\n\n\n<div class=\"wp-block-group is-layout-flow wp-block-group-is-layout-flow\">\n<h3 class=\"wp-block-heading has-text-align-center\">Annulation<\/h3>\n\n\n\n<ul class=\"styled-list has-theme-purple-color has-text-color wp-block-list\">\n<li>8 -7 semaines avant le jour d&#8217;arriv\u00e9e &#8230;&#8230;&#8230;. 30% R\u00e9tention<\/li>\n\n\n\n<li>6 semaines avant le jour d&#8217;arriv\u00e9e &#8230;&#8230;&#8230;&#8230;.. 45% R\u00e9tention<\/li>\n\n\n\n<li>5 &#8211; 3 semaines avant le jour d&#8217;arriv\u00e9e &#8230;&#8230;.. 60 % R\u00e9tention<\/li>\n\n\n\n<li>2 semaines avant le jour d&#8217;arriv\u00e9e &#8230;&#8230;&#8230;&#8230;.100% R\u00e9tention<\/li>\n\n\n\n<li><strong>Frais d&#8217;annulation minimum: 35\u20ac<\/strong><\/li>\n<\/ul>\n<\/div>\n<\/div>\n\n<\/div><\/div>\n<h2 class=\"wp-block-heading has-text-align-center has-theme-purple-color has-text-color\">Camping<\/h2>\n\n<div class=\"wp-block-auto-tabs accommodation-tabs alignfull has-custom-margin animation--init--once\" style=\"margin-bottom:14vh;\" data-selector=\"h3\">\n  <div class=\"acf-innerblocks-container\">\n\n<div class=\"wp-block-group auto-tabs-wrapper is-layout-flow wp-block-group-is-layout-flow\">\n<p class=\"has-text-align-center\"><strong>Aqu\u00ed se mostrar\u00e1n las pesta\u00f1as.<\/strong><br\/> El primer <strong>h3<\/strong> de cada contenido se usar\u00e1 como t\u00edtulo de su pesta\u00f1a. Puedes cambiarlo por otro tag o una clase en el panel lateral<\/p>\n<\/div>\n\n\n\n<div class=\"wp-block-group auto-content-wrapper has-theme-soft-blue-background-color has-background is-layout-flow wp-block-group-is-layout-flow\">\n<div class=\"wp-block-group is-layout-flow wp-block-group-is-layout-flow\">\n<h3 class=\"wp-block-heading has-text-align-center\">Information<\/h3>\n\n\n\n<ul class=\"styled-list has-theme-purple-color has-text-color wp-block-list\">\n<li><strong>Price in Euros (\u20ac EUR).<\/strong><br\/>VAT 10% included. In case of official VAT variation, rates may change.<\/li>\n\n\n\n<li><strong>Tourist Tax not incluided:<\/strong> 0,66\u20ac\/night per person (+ 17y) for a maximum of 7 nights<\/li>\n\n\n\n<li><strong>Arrival:<\/strong> plots will be available from 12:00h.<\/li>\n\n\n\n<li><strong>Departure:<\/strong> plots must be vacated before 12:00h.<\/li>\n\n\n\n<li><\/li>\n<\/ul>\n<\/div>\n\n\n\n<div class=\"wp-block-group is-layout-flow wp-block-group-is-layout-flow\">\n<h3 class=\"wp-block-heading has-text-align-center\">Conditions<\/h3>\n\n\n\n<ul class=\"styled-list has-theme-purple-color has-text-color wp-block-list\">\n<li>Booking fee is 60\u20ac per pitch. This fee will be subtracted from the total amount of your stay.<\/li>\n\n\n\n<li>This payment does not grant any right to choose a specific plot number. Once the payment and signal is received, the reservation will be confirmed.<\/li>\n\n\n\n<li>CANCELLATION TERMS\n<ul class=\"wp-block-list\">\n<li>Cancellation 5 to 3 weeks before arrival date: Withholding 60% of the deposit.<\/li>\n\n\n\n<li>Cancellation 2 weeks before arrival date: Withholding 100% of the deposit.<\/li>\n\n\n\n<li>Minimum withhold for cancellation costs from international transfer: 35\u20ac.<\/li>\n<\/ul>\n<\/li>\n<\/ul>\n<\/div>\n<\/div>\n\n<\/div><\/div>\n<p><\/p>\n","protected":false},"excerpt":{"rendered":"<p>Accommodation Camping<\/p>\n","protected":false},"author":1,"featured_media":0,"parent":0,"menu_order":8,"comment_status":"closed","ping_status":"open","template":"","meta":{"_acf_changed":false,"inline_featured_image":false,"footnotes":""},"class_list":["post-5781","page","type-page","status-publish","hentry"],"acf":[],"yoast_head":"<!-- This site is optimized with the Yoast SEO plugin v23.5 - https:\/\/yoast.com\/wordpress\/plugins\/seo\/ -->\n<title>Booking conditions - Camping Kim&#039;s Llafranc<\/title>\n<meta name=\"description\" content=\"Booking conditions  Cancellation conditions   Accommodation Camping\" \/>\n<meta name=\"robots\" content=\"index, follow, max-snippet:-1, max-image-preview:large, max-video-preview:-1\" \/>\n<link rel=\"canonical\" href=\"https:\/\/www.campingkims.com\/en\/booking-conditions\/\" \/>\n<meta property=\"og:locale\" content=\"en_US\" \/>\n<meta property=\"og:type\" content=\"article\" \/>\n<meta property=\"og:title\" content=\"Booking conditions - Camping Kim&#039;s Llafranc\" \/>\n<meta property=\"og:description\" content=\"Booking conditions  Cancellation conditions   Accommodation Camping\" \/>\n<meta property=\"og:url\" content=\"https:\/\/www.campingkims.com\/en\/booking-conditions\/\" \/>\n<meta property=\"og:site_name\" content=\"Camping Kim&#039;s Llafranc\" \/>\n<meta property=\"article:modified_time\" content=\"2023-08-17T08:46:34+00:00\" \/>\n<meta property=\"og:image\" content=\"http:\/\/www.campingkims.com\/wp-content\/uploads\/parcelas-02.webp\" \/>\n<meta name=\"twitter:card\" content=\"summary_large_image\" \/>\n<script type=\"application\/ld+json\" class=\"yoast-schema-graph\">{\"@context\":\"https:\/\/schema.org\",\"@graph\":[{\"@type\":\"WebPage\",\"@id\":\"https:\/\/www.campingkims.com\/en\/booking-conditions\/\",\"url\":\"https:\/\/www.campingkims.com\/en\/booking-conditions\/\",\"name\":\"Booking conditions - Camping Kim&#039;s Llafranc\",\"isPartOf\":{\"@id\":\"https:\/\/www.campingkims.com\/en\/#website\"},\"primaryImageOfPage\":{\"@id\":\"https:\/\/www.campingkims.com\/en\/booking-conditions\/#primaryimage\"},\"image\":{\"@id\":\"https:\/\/www.campingkims.com\/en\/booking-conditions\/#primaryimage\"},\"thumbnailUrl\":\"http:\/\/www.campingkims.com\/wp-content\/uploads\/parcelas-02.webp\",\"datePublished\":\"2023-07-13T15:01:42+00:00\",\"dateModified\":\"2023-08-17T08:46:34+00:00\",\"description\":\"Booking conditions Cancellation conditions Accommodation Camping\",\"breadcrumb\":{\"@id\":\"https:\/\/www.campingkims.com\/en\/booking-conditions\/#breadcrumb\"},\"inLanguage\":\"en-US\",\"potentialAction\":[{\"@type\":\"ReadAction\",\"target\":[\"https:\/\/www.campingkims.com\/en\/booking-conditions\/\"]}]},{\"@type\":\"ImageObject\",\"inLanguage\":\"en-US\",\"@id\":\"https:\/\/www.campingkims.com\/en\/booking-conditions\/#primaryimage\",\"url\":\"http:\/\/www.campingkims.com\/wp-content\/uploads\/parcelas-02.webp\",\"contentUrl\":\"http:\/\/www.campingkims.com\/wp-content\/uploads\/parcelas-02.webp\"},{\"@type\":\"BreadcrumbList\",\"@id\":\"https:\/\/www.campingkims.com\/en\/booking-conditions\/#breadcrumb\",\"itemListElement\":[{\"@type\":\"ListItem\",\"position\":1,\"name\":\"Portada\",\"item\":\"https:\/\/www.campingkims.com\/en\/\"},{\"@type\":\"ListItem\",\"position\":2,\"name\":\"Booking conditions\"}]},{\"@type\":\"WebSite\",\"@id\":\"https:\/\/www.campingkims.com\/en\/#website\",\"url\":\"https:\/\/www.campingkims.com\/en\/\",\"name\":\"Camping Kim's Llafranc\",\"description\":\"Kim&#039;s Camping Caravaning &amp; Bungalow Park\",\"publisher\":{\"@id\":\"https:\/\/www.campingkims.com\/en\/#organization\"},\"potentialAction\":[{\"@type\":\"SearchAction\",\"target\":{\"@type\":\"EntryPoint\",\"urlTemplate\":\"https:\/\/www.campingkims.com\/en\/?s={search_term_string}\"},\"query-input\":{\"@type\":\"PropertyValueSpecification\",\"valueRequired\":true,\"valueName\":\"search_term_string\"}}],\"inLanguage\":\"en-US\"},{\"@type\":\"Organization\",\"@id\":\"https:\/\/www.campingkims.com\/en\/#organization\",\"name\":\"Camping Kim's Llafranc\",\"url\":\"https:\/\/www.campingkims.com\/en\/\",\"logo\":{\"@type\":\"ImageObject\",\"inLanguage\":\"en-US\",\"@id\":\"https:\/\/www.campingkims.com\/en\/#\/schema\/logo\/image\/\",\"url\":\"https:\/\/www.campingkims.com\/wp-content\/uploads\/logo-camping-kims-llafranc-costa-brava.png\",\"contentUrl\":\"https:\/\/www.campingkims.com\/wp-content\/uploads\/logo-camping-kims-llafranc-costa-brava.png\",\"width\":537,\"height\":257,\"caption\":\"Camping Kim's Llafranc\"},\"image\":{\"@id\":\"https:\/\/www.campingkims.com\/en\/#\/schema\/logo\/image\/\"}}]}<\/script>\n<!-- \/ Yoast SEO plugin. -->","yoast_head_json":{"title":"Booking conditions - Camping Kim&#039;s Llafranc","description":"Booking conditions  Cancellation conditions   Accommodation Camping","robots":{"index":"index","follow":"follow","max-snippet":"max-snippet:-1","max-image-preview":"max-image-preview:large","max-video-preview":"max-video-preview:-1"},"canonical":"https:\/\/www.campingkims.com\/en\/booking-conditions\/","og_locale":"en_US","og_type":"article","og_title":"Booking conditions - Camping Kim&#039;s Llafranc","og_description":"Booking conditions  Cancellation conditions   Accommodation Camping","og_url":"https:\/\/www.campingkims.com\/en\/booking-conditions\/","og_site_name":"Camping Kim&#039;s Llafranc","article_modified_time":"2023-08-17T08:46:34+00:00","og_image":[{"url":"http:\/\/www.campingkims.com\/wp-content\/uploads\/parcelas-02.webp"}],"twitter_card":"summary_large_image","schema":{"@context":"https:\/\/schema.org","@graph":[{"@type":"WebPage","@id":"https:\/\/www.campingkims.com\/en\/booking-conditions\/","url":"https:\/\/www.campingkims.com\/en\/booking-conditions\/","name":"Booking conditions - Camping Kim&#039;s Llafranc","isPartOf":{"@id":"https:\/\/www.campingkims.com\/en\/#website"},"primaryImageOfPage":{"@id":"https:\/\/www.campingkims.com\/en\/booking-conditions\/#primaryimage"},"image":{"@id":"https:\/\/www.campingkims.com\/en\/booking-conditions\/#primaryimage"},"thumbnailUrl":"http:\/\/www.campingkims.com\/wp-content\/uploads\/parcelas-02.webp","datePublished":"2023-07-13T15:01:42+00:00","dateModified":"2023-08-17T08:46:34+00:00","description":"Booking conditions Cancellation conditions Accommodation Camping","breadcrumb":{"@id":"https:\/\/www.campingkims.com\/en\/booking-conditions\/#breadcrumb"},"inLanguage":"en-US","potentialAction":[{"@type":"ReadAction","target":["https:\/\/www.campingkims.com\/en\/booking-conditions\/"]}]},{"@type":"ImageObject","inLanguage":"en-US","@id":"https:\/\/www.campingkims.com\/en\/booking-conditions\/#primaryimage","url":"http:\/\/www.campingkims.com\/wp-content\/uploads\/parcelas-02.webp","contentUrl":"http:\/\/www.campingkims.com\/wp-content\/uploads\/parcelas-02.webp"},{"@type":"BreadcrumbList","@id":"https:\/\/www.campingkims.com\/en\/booking-conditions\/#breadcrumb","itemListElement":[{"@type":"ListItem","position":1,"name":"Portada","item":"https:\/\/www.campingkims.com\/en\/"},{"@type":"ListItem","position":2,"name":"Booking conditions"}]},{"@type":"WebSite","@id":"https:\/\/www.campingkims.com\/en\/#website","url":"https:\/\/www.campingkims.com\/en\/","name":"Camping Kim's Llafranc","description":"Kim&#039;s Camping Caravaning &amp; Bungalow Park","publisher":{"@id":"https:\/\/www.campingkims.com\/en\/#organization"},"potentialAction":[{"@type":"SearchAction","target":{"@type":"EntryPoint","urlTemplate":"https:\/\/www.campingkims.com\/en\/?s={search_term_string}"},"query-input":{"@type":"PropertyValueSpecification","valueRequired":true,"valueName":"search_term_string"}}],"inLanguage":"en-US"},{"@type":"Organization","@id":"https:\/\/www.campingkims.com\/en\/#organization","name":"Camping Kim's Llafranc","url":"https:\/\/www.campingkims.com\/en\/","logo":{"@type":"ImageObject","inLanguage":"en-US","@id":"https:\/\/www.campingkims.com\/en\/#\/schema\/logo\/image\/","url":"https:\/\/www.campingkims.com\/wp-content\/uploads\/logo-camping-kims-llafranc-costa-brava.png","contentUrl":"https:\/\/www.campingkims.com\/wp-content\/uploads\/logo-camping-kims-llafranc-costa-brava.png","width":537,"height":257,"caption":"Camping Kim's Llafranc"},"image":{"@id":"https:\/\/www.campingkims.com\/en\/#\/schema\/logo\/image\/"}}]}},"_links":{"self":[{"href":"https:\/\/www.campingkims.com\/en\/wp-json\/wp\/v2\/pages\/5781"}],"collection":[{"href":"https:\/\/www.campingkims.com\/en\/wp-json\/wp\/v2\/pages"}],"about":[{"href":"https:\/\/www.campingkims.com\/en\/wp-json\/wp\/v2\/types\/page"}],"author":[{"embeddable":true,"href":"https:\/\/www.campingkims.com\/en\/wp-json\/wp\/v2\/users\/1"}],"replies":[{"embeddable":true,"href":"https:\/\/www.campingkims.com\/en\/wp-json\/wp\/v2\/comments?post=5781"}],"version-history":[{"count":1,"href":"https:\/\/www.campingkims.com\/en\/wp-json\/wp\/v2\/pages\/5781\/revisions"}],"predecessor-version":[{"id":5782,"href":"https:\/\/www.campingkims.com\/en\/wp-json\/wp\/v2\/pages\/5781\/revisions\/5782"}],"wp:attachment":[{"href":"https:\/\/www.campingkims.com\/en\/wp-json\/wp\/v2\/media?parent=5781"}],"curies":[{"name":"wp","href":"https:\/\/api.w.org\/{rel}","templated":true}]}}