{"id":5698,"date":"2023-07-13T17:01:42","date_gmt":"2023-07-13T15:01:42","guid":{"rendered":"http:\/\/www.campingkims.com\/conditions-de-reservation\/"},"modified":"2023-08-16T17:20:13","modified_gmt":"2023-08-16T15:20:13","slug":"conditions-de-reservation","status":"publish","type":"page","link":"https:\/\/www.campingkims.com\/fr\/conditions-de-reservation\/","title":{"rendered":"Conditions de reservation"},"content":{"rendered":"\n<div class=\"wp-block-cover alignfull cover-page animation--init--once is-style-no-margin\" style=\"margin-top:0px;margin-bottom:8vh;min-height:795px;aspect-ratio:unset;\"><span aria-hidden=\"true\" class=\"wp-block-cover__background has-background-dim-0 has-background-dim has-background-gradient has-theme-black-transparent-gradient-background\"><\/span><img loading=\"lazy\" decoding=\"async\" width=\"1920\" height=\"1280\" class=\"wp-block-cover__image-background wp-image-1820\" alt=\"\" src=\"http:\/\/www.campingkims.com\/wp-content\/uploads\/parcelas-02.webp\" data-object-fit=\"cover\" srcset=\"https:\/\/www.campingkims.com\/wp-content\/uploads\/parcelas-02.webp 1920w, https:\/\/www.campingkims.com\/wp-content\/uploads\/parcelas-02-1024x683.webp 1024w, https:\/\/www.campingkims.com\/wp-content\/uploads\/parcelas-02-768x512.webp 768w, https:\/\/www.campingkims.com\/wp-content\/uploads\/parcelas-02-1536x1024.webp 1536w, https:\/\/www.campingkims.com\/wp-content\/uploads\/parcelas-02-512x341.webp 512w, https:\/\/www.campingkims.com\/wp-content\/uploads\/parcelas-02-256x171.webp 256w\" sizes=\"(max-width: 1920px) 100vw, 1920px\" \/><div class=\"wp-block-cover__inner-container is-layout-flow wp-block-cover-is-layout-flow\">\n<figure class=\"wp-block-image alignfull size-large animation--init--once slide-up is-style-no-margin waves\"><img loading=\"lazy\" decoding=\"async\" width=\"1700\" height=\"102\" src=\"http:\/\/www.campingkims.com\/wp-content\/uploads\/waves-orange-1.svg\" alt=\"\" class=\"wp-image-3751\"\/><\/figure>\n\n\n<div class=\"wp-block-group animation--init--once pop-up is-vertical is-content-justification-center is-layout-flex wp-container-core-group-is-layout-1 wp-block-group-is-layout-flex\">\n<h1 class=\"wp-block-heading has-text-align-center has-theme-white-color has-text-color\">Conditions de reservation<\/h1>\n\n\n\n<p class=\"has-text-align-center has-theme-white-color has-text-color has-roboto-slab-font-family has-h-5-font-size\" style=\"text-transform:uppercase\">Conditions d&rsquo;annulation<\/p>\n<\/div>\n<\/div><\/div>\n\n<div class=\"wp-block-group alignfull booking-section has-theme-orange-background-color has-background is-layout-constrained wp-block-group-is-layout-constrained\" style=\"margin-top:0px;margin-bottom:10vh\">\n<div class=\"wp-block-group alignwide animation--init--once booking-container has-theme-orange-background-color has-background is-vertical is-content-justification-center is-layout-flex wp-container-core-group-is-layout-3 wp-block-group-is-layout-flex\" style=\"border-radius:2rem;margin-top:0px;margin-bottom:0px;padding-top:3rem;padding-right:3rem;padding-bottom:3rem;padding-left:3rem\">\n<div class=\"wp-block-group animation--init--once alignwide booking-title is-vertical is-content-justification-center is-layout-flex wp-container-core-group-is-layout-2 wp-block-group-is-layout-flex\">\n<p class=\"has-theme-dark-purple-color has-text-color has-roboto-slab-font-family has-h-6-font-size\">RESERVATION EN LIGNE<\/p>\n\n\n\n<h3 class=\"wp-block-heading has-text-align-center has-theme-white-color has-text-color has-h-4-font-size\">R\u00e9servez vos vacances sur la Costa Brava<\/h3>\n\n\n\n<figure class=\"wp-block-image size-large is-resized wp-duotone-221b40-221b40-1\"><img loading=\"lazy\" decoding=\"async\" width=\"25\" height=\"9\" src=\"http:\/\/www.campingkims.com\/wp-content\/uploads\/ola-separadora.svg\" alt=\"\" class=\"wp-image-921\" style=\"width:70px\"\/><\/figure>\n<\/div>\n\n\n<script>\n            document.addEventListener('DOMContentLoaded', function () {\n\n                var widget = new MasterWidget('widgetBookingContainer323', {\n                    lang: 'fr',idProperty: '61',class: 'widget_columns',target: '_blank',dropdown: true,\n                    url: 'https:\/\/booking.campingkims.com'\n                });\n\n\n            });\n\n            <\/script><div id=\"widgetBookingContainer323\"> <\/div>\n<\/div>\n<\/div>\n\n<h2 class=\"wp-block-heading has-text-align-center has-theme-purple-color has-text-color\">H\u00e9bergement<\/h2>\n\n<div class=\"wp-block-auto-tabs accommodation-tabs alignfull has-custom-margin animation--init--once\" style=\"margin-bottom:14vh;\" data-selector=\"h3\">\n  <div class=\"acf-innerblocks-container\">\n\n<div class=\"wp-block-group auto-tabs-wrapper is-layout-flow wp-block-group-is-layout-flow\">\n<p class=\"has-text-align-center\"><strong>Aqu\u00ed se mostrar\u00e1n las pesta\u00f1as.<\/strong><br\/> El primer <strong>h3<\/strong> de cada contenido se usar\u00e1 como t\u00edtulo de su pesta\u00f1a. Puedes cambiarlo por otro tag o una clase en el panel lateral<\/p>\n<\/div>\n\n\n\n<div class=\"wp-block-group auto-content-wrapper has-theme-soft-blue-background-color has-background is-layout-flow wp-block-group-is-layout-flow\">\n<div class=\"wp-block-group is-layout-flow wp-block-group-is-layout-flow\">\n<h3 class=\"wp-block-heading has-text-align-center\">Informations<\/h3>\n\n\n\n<ul class=\"styled-list has-theme-purple-color has-text-color wp-block-list\">\n<li><strong>Prix en euros (EUR \u20ac).<\/strong><br\/>10% de TVA inclus. En cas de variation officielle de la TVA, les prix peuvent varier.<\/li>\n\n\n\n<li><strong>Taxe de s\u00e9jour non incluse:<\/strong> 0,66\u20ac\/nuit par personne (+17 ans) pour un maximum de 7 nuits.<\/li>\n\n\n\n<li><strong>Arriv\u00e9e:<\/strong> les parcelles seront disponibles \u00e0 partir de 12:00h.<\/li>\n\n\n\n<li><strong>Depart:<\/strong> les parcelles doivent \u00eatre nettoy\u00e9es avant 12:00h.<\/li>\n\n\n\n<li><strong>Late Checkout<\/strong><br\/>Pendant les saisons basse et moyenne, vous pourrez quitter votre h\u00e9bergement plus tard (late checkout), jusqu&rsquo;\u00e0 17h00. Sous r\u00e9serve de disponibilit\u00e9 et apr\u00e8s consultation pr\u00e9alable de la r\u00e9ception<\/li>\n<\/ul>\n<\/div>\n\n\n\n<div class=\"wp-block-group is-layout-flow wp-block-group-is-layout-flow\">\n<h3 class=\"wp-block-heading has-text-align-center\">Conditions<\/h3>\n\n\n\n<ul class=\"styled-list has-theme-purple-color has-text-color wp-block-list\">\n<li>La r\u00e9servation sera prise en compte apr\u00e8s r\u00e9ception de l&rsquo;acompte (40% du montant total)<\/li>\n\n\n\n<li>Le reste du loyer doit \u00eatre r\u00e9gl\u00e9 le jour de l&rsquo;arriv\u00e9e avec une caution (ou caution) qui sera vers\u00e9e au moment de l&rsquo;entr\u00e9e (130\u20ac pour les casses, les pertes, etc. + 50\u20ac pour le nettoyage) qui sera rendu au d\u00e9part si tout est correct.<\/li>\n\n\n\n<li>\u00c0 l&rsquo;arriv\u00e9e, il vous sera demand\u00e9 de fournir un num\u00e9ro de carte de cr\u00e8dit. Pour \u00eatre utilis\u00e9e uniquement en cas de dommages survenus pendant votre s\u00e9jour.<\/li>\n\n\n\n<li>Le logement sera laiss\u00e9 propre et r\u00e9cup\u00e9r\u00e9 \u00e0 la livraison.<\/li>\n<\/ul>\n<\/div>\n\n\n\n<div class=\"wp-block-group is-layout-flow wp-block-group-is-layout-flow\">\n<h3 class=\"wp-block-heading has-text-align-center\">Annulation<\/h3>\n\n\n\n<ul class=\"styled-list has-theme-purple-color has-text-color wp-block-list\">\n<li>8 -7 semaines avant le jour d&rsquo;arriv\u00e9e 30% R\u00e9tention.<\/li>\n\n\n\n<li>6 semaines avant le jour d&rsquo;arriv\u00e9e 45% R\u00e9tention.<\/li>\n\n\n\n<li>5 &#8211; 3 semaines avant le jour d&rsquo;arriv\u00e9e 60% R\u00e9tention.<\/li>\n\n\n\n<li>2 semaines avant le jour d&rsquo;arriv\u00e9e 100% R\u00e9tention.<\/li>\n\n\n\n<li><strong>Frais d&rsquo;annulation minimum: 35\u20ac<\/strong><\/li>\n<\/ul>\n<\/div>\n<\/div>\n\n<\/div><\/div>\n<h2 class=\"wp-block-heading has-text-align-center has-theme-purple-color has-text-color\">Camping<\/h2>\n\n<div class=\"wp-block-auto-tabs accommodation-tabs alignfull has-custom-margin animation--init--once\" style=\"margin-bottom:14vh;\" data-selector=\"h3\">\n  <div class=\"acf-innerblocks-container\">\n\n<div class=\"wp-block-group auto-tabs-wrapper is-layout-flow wp-block-group-is-layout-flow\">\n<p class=\"has-text-align-center\"><strong>Aqu\u00ed se mostrar\u00e1n las pesta\u00f1as.<\/strong><br> El primer <strong>h3<\/strong> de cada contenido se usar\u00e1 como t\u00edtulo de su pesta\u00f1a. Puedes cambiarlo por otro tag o una clase en el panel lateral<\/p>\n<\/div>\n\n\n\n<div class=\"wp-block-group auto-content-wrapper has-theme-soft-blue-background-color has-background is-layout-flow wp-block-group-is-layout-flow\">\n<div class=\"wp-block-group is-layout-flow wp-block-group-is-layout-flow\">\n<h3 class=\"wp-block-heading has-text-align-center\">Informations<\/h3>\n\n\n\n<ul class=\"wp-block-list styled-list has-theme-purple-color has-text-color\">\n<li><strong>Prix en euros (EUR \u20ac).<\/strong><br>10% de TVA inclus. En cas de variation officielle de la TVA, les prix peuvent varier.<\/li>\n\n\n\n<li><strong>Taxe de s\u00e9jour non incluse:<\/strong> 0,66\u20ac\/nuit par personne (+17 ans) pour un maximum de 7 nuits.<\/li>\n\n\n\n<li><strong>Arriv\u00e9e:<\/strong> Les emplacements sont disponibles \u00e0 partir de 16h.<\/li>\n\n\n\n<li><strong>D\u00e9part:<\/strong> les parcelles doivent \u00eatre nettoy\u00e9es avant 11h.<\/li>\n\n\n\n<li><\/li>\n<\/ul>\n<\/div>\n\n\n\n<div class=\"wp-block-group is-layout-flow wp-block-group-is-layout-flow\">\n<h3 class=\"wp-block-heading has-text-align-center\">Conditions<\/h3>\n\n\n\n<ul class=\"wp-block-list styled-list has-theme-purple-color has-text-color\">\n<li>Le montant \u00e0 r\u00e9server est de 60 \u20ac par emplacement. Ce montant sera d\u00e9duit du montant total de votre facture de s\u00e9jour.<\/li>\n\n\n\n<li>Ce paiement ne conf\u00e8re aucun droit de choisir un num\u00e9ro de colis sp\u00e9cifique. Apr\u00e8s r\u00e9ception de l&rsquo;acompte, la r\u00e9servation sera envoy\u00e9e par email.<\/li>\n\n\n\n<li>ANNULATIONS\n<ul class=\"wp-block-list\">\n<li>Annulation 5 \u00e0 3 semaines avant le jour d&rsquo;arriv\u00e9e: R\u00e9tention de 60% de l&rsquo;acompte.<\/li>\n\n\n\n<li>Annulation 2 semaines avant le jour d&rsquo;arriv\u00e9e: R\u00e9tention de 100% de l&rsquo;acompte.<\/li>\n\n\n\n<li>(R\u00e9tention minimale pour les frais d&rsquo;annulation: 35\u20ac)<\/li>\n<\/ul>\n<\/li>\n<\/ul>\n<\/div>\n<\/div>\n\n<\/div><\/div>\n<p><\/p>\n","protected":false},"excerpt":{"rendered":"<p>H\u00e9bergement Camping<\/p>\n","protected":false},"author":1,"featured_media":0,"parent":0,"menu_order":8,"comment_status":"closed","ping_status":"open","template":"","meta":{"_acf_changed":false,"inline_featured_image":false,"footnotes":""},"class_list":["post-5698","page","type-page","status-publish","hentry"],"acf":[],"yoast_head":"<!-- This site is optimized with the Yoast SEO plugin v23.5 - https:\/\/yoast.com\/wordpress\/plugins\/seo\/ -->\n<title>Conditions de reservation - Camping Kim&#039;s Llafranc<\/title>\n<meta name=\"description\" content=\"Conditions de reservation  Conditions d&#039;annulation   H\u00e9bergement Camping\" \/>\n<meta name=\"robots\" content=\"index, follow, max-snippet:-1, max-image-preview:large, max-video-preview:-1\" \/>\n<link rel=\"canonical\" href=\"https:\/\/www.campingkims.com\/fr\/conditions-de-reservation\/\" \/>\n<meta property=\"og:locale\" content=\"fr_FR\" \/>\n<meta property=\"og:type\" content=\"article\" \/>\n<meta property=\"og:title\" content=\"Conditions de reservation - Camping Kim&#039;s Llafranc\" \/>\n<meta property=\"og:description\" content=\"Conditions de reservation  Conditions d&#039;annulation   H\u00e9bergement Camping\" \/>\n<meta property=\"og:url\" content=\"https:\/\/www.campingkims.com\/fr\/conditions-de-reservation\/\" \/>\n<meta property=\"og:site_name\" content=\"Camping Kim&#039;s Llafranc\" \/>\n<meta property=\"article:modified_time\" content=\"2023-08-16T15:20:13+00:00\" \/>\n<meta property=\"og:image\" content=\"http:\/\/www.campingkims.com\/wp-content\/uploads\/parcelas-02.webp\" \/>\n<meta name=\"twitter:card\" content=\"summary_large_image\" \/>\n<script type=\"application\/ld+json\" class=\"yoast-schema-graph\">{\"@context\":\"https:\/\/schema.org\",\"@graph\":[{\"@type\":\"WebPage\",\"@id\":\"https:\/\/www.campingkims.com\/fr\/conditions-de-reservation\/\",\"url\":\"https:\/\/www.campingkims.com\/fr\/conditions-de-reservation\/\",\"name\":\"Conditions de reservation - Camping Kim&#039;s Llafranc\",\"isPartOf\":{\"@id\":\"https:\/\/www.campingkims.com\/fr\/#website\"},\"primaryImageOfPage\":{\"@id\":\"https:\/\/www.campingkims.com\/fr\/conditions-de-reservation\/#primaryimage\"},\"image\":{\"@id\":\"https:\/\/www.campingkims.com\/fr\/conditions-de-reservation\/#primaryimage\"},\"thumbnailUrl\":\"http:\/\/www.campingkims.com\/wp-content\/uploads\/parcelas-02.webp\",\"datePublished\":\"2023-07-13T15:01:42+00:00\",\"dateModified\":\"2023-08-16T15:20:13+00:00\",\"description\":\"Conditions de reservation Conditions d'annulation H\u00e9bergement Camping\",\"breadcrumb\":{\"@id\":\"https:\/\/www.campingkims.com\/fr\/conditions-de-reservation\/#breadcrumb\"},\"inLanguage\":\"fr-FR\",\"potentialAction\":[{\"@type\":\"ReadAction\",\"target\":[\"https:\/\/www.campingkims.com\/fr\/conditions-de-reservation\/\"]}]},{\"@type\":\"ImageObject\",\"inLanguage\":\"fr-FR\",\"@id\":\"https:\/\/www.campingkims.com\/fr\/conditions-de-reservation\/#primaryimage\",\"url\":\"http:\/\/www.campingkims.com\/wp-content\/uploads\/parcelas-02.webp\",\"contentUrl\":\"http:\/\/www.campingkims.com\/wp-content\/uploads\/parcelas-02.webp\"},{\"@type\":\"BreadcrumbList\",\"@id\":\"https:\/\/www.campingkims.com\/fr\/conditions-de-reservation\/#breadcrumb\",\"itemListElement\":[{\"@type\":\"ListItem\",\"position\":1,\"name\":\"Portada\",\"item\":\"https:\/\/www.campingkims.com\/fr\/\"},{\"@type\":\"ListItem\",\"position\":2,\"name\":\"Conditions de reservation\"}]},{\"@type\":\"WebSite\",\"@id\":\"https:\/\/www.campingkims.com\/fr\/#website\",\"url\":\"https:\/\/www.campingkims.com\/fr\/\",\"name\":\"Camping Kim's Llafranc\",\"description\":\"Kim&#039;s Camping Caravaning &amp; Bungalow Park\",\"publisher\":{\"@id\":\"https:\/\/www.campingkims.com\/fr\/#organization\"},\"potentialAction\":[{\"@type\":\"SearchAction\",\"target\":{\"@type\":\"EntryPoint\",\"urlTemplate\":\"https:\/\/www.campingkims.com\/fr\/?s={search_term_string}\"},\"query-input\":{\"@type\":\"PropertyValueSpecification\",\"valueRequired\":true,\"valueName\":\"search_term_string\"}}],\"inLanguage\":\"fr-FR\"},{\"@type\":\"Organization\",\"@id\":\"https:\/\/www.campingkims.com\/fr\/#organization\",\"name\":\"Camping Kim's Llafranc\",\"url\":\"https:\/\/www.campingkims.com\/fr\/\",\"logo\":{\"@type\":\"ImageObject\",\"inLanguage\":\"fr-FR\",\"@id\":\"https:\/\/www.campingkims.com\/fr\/#\/schema\/logo\/image\/\",\"url\":\"https:\/\/www.campingkims.com\/wp-content\/uploads\/logo-camping-kims-llafranc-costa-brava.png\",\"contentUrl\":\"https:\/\/www.campingkims.com\/wp-content\/uploads\/logo-camping-kims-llafranc-costa-brava.png\",\"width\":537,\"height\":257,\"caption\":\"Camping Kim's Llafranc\"},\"image\":{\"@id\":\"https:\/\/www.campingkims.com\/fr\/#\/schema\/logo\/image\/\"}}]}<\/script>\n<!-- \/ Yoast SEO plugin. -->","yoast_head_json":{"title":"Conditions de reservation - Camping Kim&#039;s Llafranc","description":"Conditions de reservation  Conditions d'annulation   H\u00e9bergement Camping","robots":{"index":"index","follow":"follow","max-snippet":"max-snippet:-1","max-image-preview":"max-image-preview:large","max-video-preview":"max-video-preview:-1"},"canonical":"https:\/\/www.campingkims.com\/fr\/conditions-de-reservation\/","og_locale":"fr_FR","og_type":"article","og_title":"Conditions de reservation - Camping Kim&#039;s Llafranc","og_description":"Conditions de reservation  Conditions d'annulation   H\u00e9bergement Camping","og_url":"https:\/\/www.campingkims.com\/fr\/conditions-de-reservation\/","og_site_name":"Camping Kim&#039;s Llafranc","article_modified_time":"2023-08-16T15:20:13+00:00","og_image":[{"url":"http:\/\/www.campingkims.com\/wp-content\/uploads\/parcelas-02.webp"}],"twitter_card":"summary_large_image","schema":{"@context":"https:\/\/schema.org","@graph":[{"@type":"WebPage","@id":"https:\/\/www.campingkims.com\/fr\/conditions-de-reservation\/","url":"https:\/\/www.campingkims.com\/fr\/conditions-de-reservation\/","name":"Conditions de reservation - Camping Kim&#039;s Llafranc","isPartOf":{"@id":"https:\/\/www.campingkims.com\/fr\/#website"},"primaryImageOfPage":{"@id":"https:\/\/www.campingkims.com\/fr\/conditions-de-reservation\/#primaryimage"},"image":{"@id":"https:\/\/www.campingkims.com\/fr\/conditions-de-reservation\/#primaryimage"},"thumbnailUrl":"http:\/\/www.campingkims.com\/wp-content\/uploads\/parcelas-02.webp","datePublished":"2023-07-13T15:01:42+00:00","dateModified":"2023-08-16T15:20:13+00:00","description":"Conditions de reservation Conditions d'annulation H\u00e9bergement Camping","breadcrumb":{"@id":"https:\/\/www.campingkims.com\/fr\/conditions-de-reservation\/#breadcrumb"},"inLanguage":"fr-FR","potentialAction":[{"@type":"ReadAction","target":["https:\/\/www.campingkims.com\/fr\/conditions-de-reservation\/"]}]},{"@type":"ImageObject","inLanguage":"fr-FR","@id":"https:\/\/www.campingkims.com\/fr\/conditions-de-reservation\/#primaryimage","url":"http:\/\/www.campingkims.com\/wp-content\/uploads\/parcelas-02.webp","contentUrl":"http:\/\/www.campingkims.com\/wp-content\/uploads\/parcelas-02.webp"},{"@type":"BreadcrumbList","@id":"https:\/\/www.campingkims.com\/fr\/conditions-de-reservation\/#breadcrumb","itemListElement":[{"@type":"ListItem","position":1,"name":"Portada","item":"https:\/\/www.campingkims.com\/fr\/"},{"@type":"ListItem","position":2,"name":"Conditions de reservation"}]},{"@type":"WebSite","@id":"https:\/\/www.campingkims.com\/fr\/#website","url":"https:\/\/www.campingkims.com\/fr\/","name":"Camping Kim's Llafranc","description":"Kim&#039;s Camping Caravaning &amp; Bungalow Park","publisher":{"@id":"https:\/\/www.campingkims.com\/fr\/#organization"},"potentialAction":[{"@type":"SearchAction","target":{"@type":"EntryPoint","urlTemplate":"https:\/\/www.campingkims.com\/fr\/?s={search_term_string}"},"query-input":{"@type":"PropertyValueSpecification","valueRequired":true,"valueName":"search_term_string"}}],"inLanguage":"fr-FR"},{"@type":"Organization","@id":"https:\/\/www.campingkims.com\/fr\/#organization","name":"Camping Kim's Llafranc","url":"https:\/\/www.campingkims.com\/fr\/","logo":{"@type":"ImageObject","inLanguage":"fr-FR","@id":"https:\/\/www.campingkims.com\/fr\/#\/schema\/logo\/image\/","url":"https:\/\/www.campingkims.com\/wp-content\/uploads\/logo-camping-kims-llafranc-costa-brava.png","contentUrl":"https:\/\/www.campingkims.com\/wp-content\/uploads\/logo-camping-kims-llafranc-costa-brava.png","width":537,"height":257,"caption":"Camping Kim's Llafranc"},"image":{"@id":"https:\/\/www.campingkims.com\/fr\/#\/schema\/logo\/image\/"}}]}},"_links":{"self":[{"href":"https:\/\/www.campingkims.com\/fr\/wp-json\/wp\/v2\/pages\/5698"}],"collection":[{"href":"https:\/\/www.campingkims.com\/fr\/wp-json\/wp\/v2\/pages"}],"about":[{"href":"https:\/\/www.campingkims.com\/fr\/wp-json\/wp\/v2\/types\/page"}],"author":[{"embeddable":true,"href":"https:\/\/www.campingkims.com\/fr\/wp-json\/wp\/v2\/users\/1"}],"replies":[{"embeddable":true,"href":"https:\/\/www.campingkims.com\/fr\/wp-json\/wp\/v2\/comments?post=5698"}],"version-history":[{"count":1,"href":"https:\/\/www.campingkims.com\/fr\/wp-json\/wp\/v2\/pages\/5698\/revisions"}],"predecessor-version":[{"id":5699,"href":"https:\/\/www.campingkims.com\/fr\/wp-json\/wp\/v2\/pages\/5698\/revisions\/5699"}],"wp:attachment":[{"href":"https:\/\/www.campingkims.com\/fr\/wp-json\/wp\/v2\/media?parent=5698"}],"curies":[{"name":"wp","href":"https:\/\/api.w.org\/{rel}","templated":true}]}}