{"id":5877,"date":"2023-07-13T17:01:42","date_gmt":"2023-07-13T15:01:42","guid":{"rendered":"http:\/\/www.campingkims.com\/condizioni-di-prenotazione\/"},"modified":"2023-08-17T13:26:04","modified_gmt":"2023-08-17T11:26:04","slug":"condizioni-di-prenotazione","status":"publish","type":"page","link":"https:\/\/www.campingkims.com\/it\/condizioni-di-prenotazione\/","title":{"rendered":"Condizioni di prenotazione"},"content":{"rendered":"\n<div class=\"wp-block-cover alignfull cover-page animation--init--once is-style-no-margin\" style=\"margin-top:0px;margin-bottom:8vh;min-height:795px;aspect-ratio:unset;\"><span aria-hidden=\"true\" class=\"wp-block-cover__background has-background-dim-0 has-background-dim has-background-gradient has-theme-black-transparent-gradient-background\"><\/span><img loading=\"lazy\" decoding=\"async\" width=\"1920\" height=\"1280\" class=\"wp-block-cover__image-background wp-image-1820\" alt=\"\" src=\"http:\/\/www.campingkims.com\/wp-content\/uploads\/parcelas-02.webp\" data-object-fit=\"cover\" srcset=\"https:\/\/www.campingkims.com\/wp-content\/uploads\/parcelas-02.webp 1920w, https:\/\/www.campingkims.com\/wp-content\/uploads\/parcelas-02-1024x683.webp 1024w, https:\/\/www.campingkims.com\/wp-content\/uploads\/parcelas-02-768x512.webp 768w, https:\/\/www.campingkims.com\/wp-content\/uploads\/parcelas-02-1536x1024.webp 1536w, https:\/\/www.campingkims.com\/wp-content\/uploads\/parcelas-02-512x341.webp 512w, https:\/\/www.campingkims.com\/wp-content\/uploads\/parcelas-02-256x171.webp 256w\" sizes=\"(max-width: 1920px) 100vw, 1920px\" \/><div class=\"wp-block-cover__inner-container is-layout-flow wp-block-cover-is-layout-flow\">\n<figure class=\"wp-block-image alignfull size-large animation--init--once slide-up is-style-no-margin waves\"><img loading=\"lazy\" decoding=\"async\" width=\"1700\" height=\"102\" src=\"http:\/\/www.campingkims.com\/wp-content\/uploads\/waves-orange-1.svg\" alt=\"\" class=\"wp-image-3751\"\/><\/figure>\n\n\n<div class=\"wp-block-group animation--init--once pop-up is-vertical is-content-justification-center is-layout-flex wp-container-core-group-is-layout-1 wp-block-group-is-layout-flex\">\n<h1 class=\"wp-block-heading has-text-align-center has-theme-white-color has-text-color\">Condizioni di prenotazione<\/h1>\n\n\n\n<p class=\"has-text-align-center has-theme-white-color has-text-color has-roboto-slab-font-family has-h-5-font-size\" style=\"text-transform:uppercase\">Condizioni di cancellazione<\/p>\n<\/div>\n<\/div><\/div>\n\n<div class=\"wp-block-group alignfull booking-section has-theme-orange-background-color has-background is-layout-constrained wp-block-group-is-layout-constrained\" style=\"margin-top:0px;margin-bottom:10vh\">\n<div class=\"wp-block-group alignwide animation--init--once booking-container has-theme-orange-background-color has-background is-vertical is-content-justification-center is-layout-flex wp-container-core-group-is-layout-3 wp-block-group-is-layout-flex\" style=\"border-radius:2rem;margin-top:0px;margin-bottom:0px;padding-top:3rem;padding-right:3rem;padding-bottom:3rem;padding-left:3rem\">\n<div class=\"wp-block-group animation--init--once alignwide booking-title is-vertical is-content-justification-center is-layout-flex wp-container-core-group-is-layout-2 wp-block-group-is-layout-flex\">\n<p class=\"has-theme-dark-purple-color has-text-color has-roboto-slab-font-family has-h-6-font-size\">PRENOTAZIONE ONLINE<\/p>\n\n\n\n<h3 class=\"wp-block-heading has-text-align-center has-theme-white-color has-text-color has-h-4-font-size\">Prenota le tue vacanze sulla Costa Brava<\/h3>\n\n\n\n<figure class=\"wp-block-image size-large is-resized wp-duotone-221b40-221b40-1\"><img loading=\"lazy\" decoding=\"async\" width=\"25\" height=\"9\" src=\"http:\/\/www.campingkims.com\/wp-content\/uploads\/ola-separadora.svg\" alt=\"\" class=\"wp-image-921\" style=\"width:70px\"\/><\/figure>\n<\/div>\n\n\n<script>\n            document.addEventListener('DOMContentLoaded', function () {\n\n                var widget = new MasterWidget('widgetBookingContainer6592', {\n                    lang: 'it',idProperty: '61',class: 'widget_columns',target: '_blank',dropdown: true,\n                    url: 'https:\/\/booking.campingkims.com'\n                });\n\n\n            });\n\n            <\/script><div id=\"widgetBookingContainer6592\"> <\/div>\n<\/div>\n<\/div>\n\n<h2 class=\"wp-block-heading has-text-align-center has-theme-purple-color has-text-color\">Alloggi<\/h2>\n\n<div class=\"wp-block-auto-tabs accommodation-tabs alignfull has-custom-margin animation--init--once\" style=\"margin-bottom:14vh;\" data-selector=\"h3\">\n  <div class=\"acf-innerblocks-container\">\n\n<div class=\"wp-block-group auto-tabs-wrapper is-layout-flow wp-block-group-is-layout-flow\">\n<p class=\"has-text-align-center\"><strong>Aqu\u00ed se mostrar\u00e1n las pesta\u00f1as.<\/strong><br\/> El primer <strong>h3<\/strong> de cada contenido se usar\u00e1 como t\u00edtulo de su pesta\u00f1a. Puedes cambiarlo por otro tag o una clase en el panel lateral<\/p>\n<\/div>\n\n\n\n<div class=\"wp-block-group auto-content-wrapper has-theme-soft-blue-background-color has-background is-layout-flow wp-block-group-is-layout-flow\">\n<div class=\"wp-block-group is-layout-flow wp-block-group-is-layout-flow\">\n<h3 class=\"wp-block-heading has-text-align-center\">Informazioni<\/h3>\n\n\n\n<ul class=\"styled-list has-theme-purple-color has-text-color wp-block-list\">\n<li><strong>Prezzi in euro (Euro \u20ac).<\/strong><br\/>IVA 10% inclusa. In caso di variazione ufficiale dell&#8217;IVA, i prezzi possono variare.<\/li>\n\n\n\n<li><strong>Tassa di soggiorno non inclusa:<\/strong> \u20ac 0,66\/notte a persona (+17 anni) per un massimo di 7 notti.<\/li>\n\n\n\n<li><strong>Arrivo:<\/strong> le alloggi saranno disponibili dopo le 16:00.<\/li>\n\n\n\n<li><strong>Partenza:<\/strong> le alloggi devono essere liberate prima delle 11:00.<\/li>\n\n\n\n<li><strong>Late Checkout<\/strong><br\/>Durante la bassa e media stagione \u00e8 possibile lasciare l&#8217;alloggio pi\u00f9 tardi (late checkout), massimo fino alle 17:00. Soggetto a disponibilit\u00e0 e previa consultazione con la reception.<\/li>\n<\/ul>\n<\/div>\n\n\n\n<div class=\"wp-block-group is-layout-flow wp-block-group-is-layout-flow\">\n<h3 class=\"wp-block-heading has-text-align-center\">Condizioni<\/h3>\n\n\n\n<ul class=\"styled-list has-theme-purple-color has-text-color wp-block-list\">\n<li>La prenotazione \u00e8 definitiva non appena riceviamo la caparra (40% del totale del soggiorno).<\/li>\n\n\n\n<li>Il resto del totale dell&#8217;affitto dovrebbe essere pagato al giorno di arrivo con un deposito (o bond) Vi sar\u00e0 data al momento dell&#8217;iscrizione (150 \u20ac per rottura, perdite, ecc. + 30 \u20ac le spese di pulizia) che sar\u00e0 restituito alla partenza se tutto \u00e8 corretto.<\/li>\n\n\n\n<li>A la llegada le pediremos que nos facilite un n\u00famero de tarjeta de cr\u00e9dito. Servir\u00e1 \u00fanicamente para cubrir los posibles desperfectos.<\/li>\n\n\n\n<li>L&#8217;alloggio verr\u00e0 lasciato pulito e ritirato cos\u00ec come \u00e8 stato consegnato.<\/li>\n<\/ul>\n<\/div>\n\n\n\n<div class=\"wp-block-group is-layout-flow wp-block-group-is-layout-flow\">\n<h3 class=\"wp-block-heading has-text-align-center\">Cancelaci\u00f3n<\/h3>\n\n\n\n<ul class=\"styled-list has-theme-purple-color has-text-color wp-block-list\">\n<li>Cancelaci\u00f3n de 8 a 7 semanas antes del d\u00eda de llegada, retenci\u00f3n del 30% del dep\u00f3sito.<\/li>\n\n\n\n<li>Cancelaci\u00f3n 6 semanas antes del d\u00eda de llegada, retenci\u00f3n del 45% del dep\u00f3sito.<\/li>\n\n\n\n<li>Cancelaci\u00f3n de 5 a 3 semanas antes del d\u00eda de llegada, reteniendo el 60% del dep\u00f3sito<\/li>\n\n\n\n<li>Cancelaci\u00f3n 2 semanas antes del d\u00eda de llegada, 100% de retenci\u00f3n del dep\u00f3sito.<\/li>\n\n\n\n<li><strong>Gastos minimos de cancelaci\u00f3n: 35,00\u20ac<\/strong><\/li>\n<\/ul>\n<\/div>\n<\/div>\n\n<\/div><\/div>\n<h2 class=\"wp-block-heading has-text-align-center has-theme-purple-color has-text-color\">Camping<\/h2>\n\n<div class=\"wp-block-auto-tabs accommodation-tabs alignfull has-custom-margin animation--init--once\" style=\"margin-bottom:14vh;\" data-selector=\"h3\">\n  <div class=\"acf-innerblocks-container\">\n\n<div class=\"wp-block-group auto-tabs-wrapper is-layout-flow wp-block-group-is-layout-flow\">\n<p class=\"has-text-align-center\"><strong>Aqu\u00ed se mostrar\u00e1n las pesta\u00f1as.<\/strong><br\/> El primer <strong>h3<\/strong> de cada contenido se usar\u00e1 como t\u00edtulo de su pesta\u00f1a. Puedes cambiarlo por otro tag o una clase en el panel lateral<\/p>\n<\/div>\n\n\n\n<div class=\"wp-block-group auto-content-wrapper has-theme-soft-blue-background-color has-background is-layout-flow wp-block-group-is-layout-flow\">\n<div class=\"wp-block-group is-layout-flow wp-block-group-is-layout-flow\">\n<h3 class=\"wp-block-heading has-text-align-center\">Informazioni<\/h3>\n\n\n\n<ul class=\"styled-list has-theme-purple-color has-text-color wp-block-list\">\n<li><strong>Prezzi in euro (Euro \u20ac).<\/strong><br\/>IVA 10% inclusa. In caso di variazione ufficiale dell&#8217;IVA, i prezzi possono variare.<\/li>\n\n\n\n<li><strong>Tassa di soggiorno non inclusa:<\/strong> \u20ac 0,66\/notte a persona (+17 anni) per un massimo di 7 notti.<\/li>\n\n\n\n<li><strong>Arrivo:<\/strong> Le piazzole saranno disponibili dalle ore 12:00.<\/li>\n\n\n\n<li><strong>Partenza:<\/strong> Le piazzole devono essere libere entro le 12:00<\/li>\n\n\n\n<li><\/li>\n<\/ul>\n<\/div>\n\n\n\n<div class=\"wp-block-group is-layout-flow wp-block-group-is-layout-flow\">\n<h3 class=\"wp-block-heading has-text-align-center\">Condizioni<\/h3>\n\n\n\n<ul class=\"styled-list has-theme-purple-color has-text-color wp-block-list\">\n<li>L&#8217;importo richiesto per la prenotazione \u00e8 di 60 \u20ac a piazzola. Tale importo verr\u00e0 detratto dall&#8217;importo totale della fattura del soggiorno.<\/li>\n\n\n\n<li>Questo pagamento non concede alcun diritto di scegliere un numero di pacco specifico. Una volta ricevuto il pagamento e il segnale, la prenotazione sar\u00e0 confermata.<\/li>\n\n\n\n<li>ANNULLAMENTO\n<ul class=\"wp-block-list\">\n<li>Cancellazione 5 &#8211; 3 settimane prima del giorno di arrivo: Sospensione del 60% de la caparra.<\/li>\n\n\n\n<li>Cancellazione 2 settimane prima del giorno di arrivo: Sospensione del 100% de de la caparra.<\/li>\n\n\n\n<li>(Spese di annullamento minime: 35\u20ac.)<\/li>\n<\/ul>\n<\/li>\n<\/ul>\n<\/div>\n<\/div>\n\n<\/div><\/div>\n<p><\/p>\n","protected":false},"excerpt":{"rendered":"<p>Alloggi Camping<\/p>\n","protected":false},"author":1,"featured_media":0,"parent":0,"menu_order":8,"comment_status":"closed","ping_status":"open","template":"","meta":{"_acf_changed":false,"inline_featured_image":false,"footnotes":""},"class_list":["post-5877","page","type-page","status-publish","hentry"],"acf":[],"yoast_head":"<!-- This site is optimized with the Yoast SEO plugin v23.5 - https:\/\/yoast.com\/wordpress\/plugins\/seo\/ -->\n<title>Condizioni di prenotazione - Camping Kim&#039;s Llafranc<\/title>\n<meta name=\"description\" content=\"Condizioni di prenotazione  Condizioni di cancellazione   Alloggi Camping\" \/>\n<meta name=\"robots\" content=\"index, follow, max-snippet:-1, max-image-preview:large, max-video-preview:-1\" \/>\n<link rel=\"canonical\" href=\"https:\/\/www.campingkims.com\/it\/condizioni-di-prenotazione\/\" \/>\n<meta property=\"og:locale\" content=\"it_IT\" \/>\n<meta property=\"og:type\" content=\"article\" \/>\n<meta property=\"og:title\" content=\"Condizioni di prenotazione - Camping Kim&#039;s Llafranc\" \/>\n<meta property=\"og:description\" content=\"Condizioni di prenotazione  Condizioni di cancellazione   Alloggi Camping\" \/>\n<meta property=\"og:url\" content=\"https:\/\/www.campingkims.com\/it\/condizioni-di-prenotazione\/\" \/>\n<meta property=\"og:site_name\" content=\"Camping Kim&#039;s Llafranc\" \/>\n<meta property=\"article:modified_time\" content=\"2023-08-17T11:26:04+00:00\" \/>\n<meta property=\"og:image\" content=\"http:\/\/www.campingkims.com\/wp-content\/uploads\/parcelas-02.webp\" \/>\n<meta name=\"twitter:card\" content=\"summary_large_image\" \/>\n<script type=\"application\/ld+json\" class=\"yoast-schema-graph\">{\"@context\":\"https:\/\/schema.org\",\"@graph\":[{\"@type\":\"WebPage\",\"@id\":\"https:\/\/www.campingkims.com\/it\/condizioni-di-prenotazione\/\",\"url\":\"https:\/\/www.campingkims.com\/it\/condizioni-di-prenotazione\/\",\"name\":\"Condizioni di prenotazione - Camping Kim&#039;s Llafranc\",\"isPartOf\":{\"@id\":\"https:\/\/www.campingkims.com\/it\/#website\"},\"primaryImageOfPage\":{\"@id\":\"https:\/\/www.campingkims.com\/it\/condizioni-di-prenotazione\/#primaryimage\"},\"image\":{\"@id\":\"https:\/\/www.campingkims.com\/it\/condizioni-di-prenotazione\/#primaryimage\"},\"thumbnailUrl\":\"http:\/\/www.campingkims.com\/wp-content\/uploads\/parcelas-02.webp\",\"datePublished\":\"2023-07-13T15:01:42+00:00\",\"dateModified\":\"2023-08-17T11:26:04+00:00\",\"description\":\"Condizioni di prenotazione Condizioni di cancellazione Alloggi Camping\",\"breadcrumb\":{\"@id\":\"https:\/\/www.campingkims.com\/it\/condizioni-di-prenotazione\/#breadcrumb\"},\"inLanguage\":\"it-IT\",\"potentialAction\":[{\"@type\":\"ReadAction\",\"target\":[\"https:\/\/www.campingkims.com\/it\/condizioni-di-prenotazione\/\"]}]},{\"@type\":\"ImageObject\",\"inLanguage\":\"it-IT\",\"@id\":\"https:\/\/www.campingkims.com\/it\/condizioni-di-prenotazione\/#primaryimage\",\"url\":\"http:\/\/www.campingkims.com\/wp-content\/uploads\/parcelas-02.webp\",\"contentUrl\":\"http:\/\/www.campingkims.com\/wp-content\/uploads\/parcelas-02.webp\"},{\"@type\":\"BreadcrumbList\",\"@id\":\"https:\/\/www.campingkims.com\/it\/condizioni-di-prenotazione\/#breadcrumb\",\"itemListElement\":[{\"@type\":\"ListItem\",\"position\":1,\"name\":\"Portada\",\"item\":\"https:\/\/www.campingkims.com\/it\/\"},{\"@type\":\"ListItem\",\"position\":2,\"name\":\"Condizioni di prenotazione\"}]},{\"@type\":\"WebSite\",\"@id\":\"https:\/\/www.campingkims.com\/it\/#website\",\"url\":\"https:\/\/www.campingkims.com\/it\/\",\"name\":\"Camping Kim's Llafranc\",\"description\":\"Kim&#039;s Camping Caravaning &amp; Bungalow Park\",\"publisher\":{\"@id\":\"https:\/\/www.campingkims.com\/it\/#organization\"},\"potentialAction\":[{\"@type\":\"SearchAction\",\"target\":{\"@type\":\"EntryPoint\",\"urlTemplate\":\"https:\/\/www.campingkims.com\/it\/?s={search_term_string}\"},\"query-input\":{\"@type\":\"PropertyValueSpecification\",\"valueRequired\":true,\"valueName\":\"search_term_string\"}}],\"inLanguage\":\"it-IT\"},{\"@type\":\"Organization\",\"@id\":\"https:\/\/www.campingkims.com\/it\/#organization\",\"name\":\"Camping Kim's Llafranc\",\"url\":\"https:\/\/www.campingkims.com\/it\/\",\"logo\":{\"@type\":\"ImageObject\",\"inLanguage\":\"it-IT\",\"@id\":\"https:\/\/www.campingkims.com\/it\/#\/schema\/logo\/image\/\",\"url\":\"https:\/\/www.campingkims.com\/wp-content\/uploads\/logo-camping-kims-llafranc-costa-brava.png\",\"contentUrl\":\"https:\/\/www.campingkims.com\/wp-content\/uploads\/logo-camping-kims-llafranc-costa-brava.png\",\"width\":537,\"height\":257,\"caption\":\"Camping Kim's Llafranc\"},\"image\":{\"@id\":\"https:\/\/www.campingkims.com\/it\/#\/schema\/logo\/image\/\"}}]}<\/script>\n<!-- \/ Yoast SEO plugin. -->","yoast_head_json":{"title":"Condizioni di prenotazione - Camping Kim&#039;s Llafranc","description":"Condizioni di prenotazione  Condizioni di cancellazione   Alloggi Camping","robots":{"index":"index","follow":"follow","max-snippet":"max-snippet:-1","max-image-preview":"max-image-preview:large","max-video-preview":"max-video-preview:-1"},"canonical":"https:\/\/www.campingkims.com\/it\/condizioni-di-prenotazione\/","og_locale":"it_IT","og_type":"article","og_title":"Condizioni di prenotazione - Camping Kim&#039;s Llafranc","og_description":"Condizioni di prenotazione  Condizioni di cancellazione   Alloggi Camping","og_url":"https:\/\/www.campingkims.com\/it\/condizioni-di-prenotazione\/","og_site_name":"Camping Kim&#039;s Llafranc","article_modified_time":"2023-08-17T11:26:04+00:00","og_image":[{"url":"http:\/\/www.campingkims.com\/wp-content\/uploads\/parcelas-02.webp"}],"twitter_card":"summary_large_image","schema":{"@context":"https:\/\/schema.org","@graph":[{"@type":"WebPage","@id":"https:\/\/www.campingkims.com\/it\/condizioni-di-prenotazione\/","url":"https:\/\/www.campingkims.com\/it\/condizioni-di-prenotazione\/","name":"Condizioni di prenotazione - Camping Kim&#039;s Llafranc","isPartOf":{"@id":"https:\/\/www.campingkims.com\/it\/#website"},"primaryImageOfPage":{"@id":"https:\/\/www.campingkims.com\/it\/condizioni-di-prenotazione\/#primaryimage"},"image":{"@id":"https:\/\/www.campingkims.com\/it\/condizioni-di-prenotazione\/#primaryimage"},"thumbnailUrl":"http:\/\/www.campingkims.com\/wp-content\/uploads\/parcelas-02.webp","datePublished":"2023-07-13T15:01:42+00:00","dateModified":"2023-08-17T11:26:04+00:00","description":"Condizioni di prenotazione Condizioni di cancellazione Alloggi Camping","breadcrumb":{"@id":"https:\/\/www.campingkims.com\/it\/condizioni-di-prenotazione\/#breadcrumb"},"inLanguage":"it-IT","potentialAction":[{"@type":"ReadAction","target":["https:\/\/www.campingkims.com\/it\/condizioni-di-prenotazione\/"]}]},{"@type":"ImageObject","inLanguage":"it-IT","@id":"https:\/\/www.campingkims.com\/it\/condizioni-di-prenotazione\/#primaryimage","url":"http:\/\/www.campingkims.com\/wp-content\/uploads\/parcelas-02.webp","contentUrl":"http:\/\/www.campingkims.com\/wp-content\/uploads\/parcelas-02.webp"},{"@type":"BreadcrumbList","@id":"https:\/\/www.campingkims.com\/it\/condizioni-di-prenotazione\/#breadcrumb","itemListElement":[{"@type":"ListItem","position":1,"name":"Portada","item":"https:\/\/www.campingkims.com\/it\/"},{"@type":"ListItem","position":2,"name":"Condizioni di prenotazione"}]},{"@type":"WebSite","@id":"https:\/\/www.campingkims.com\/it\/#website","url":"https:\/\/www.campingkims.com\/it\/","name":"Camping Kim's Llafranc","description":"Kim&#039;s Camping Caravaning &amp; Bungalow Park","publisher":{"@id":"https:\/\/www.campingkims.com\/it\/#organization"},"potentialAction":[{"@type":"SearchAction","target":{"@type":"EntryPoint","urlTemplate":"https:\/\/www.campingkims.com\/it\/?s={search_term_string}"},"query-input":{"@type":"PropertyValueSpecification","valueRequired":true,"valueName":"search_term_string"}}],"inLanguage":"it-IT"},{"@type":"Organization","@id":"https:\/\/www.campingkims.com\/it\/#organization","name":"Camping Kim's Llafranc","url":"https:\/\/www.campingkims.com\/it\/","logo":{"@type":"ImageObject","inLanguage":"it-IT","@id":"https:\/\/www.campingkims.com\/it\/#\/schema\/logo\/image\/","url":"https:\/\/www.campingkims.com\/wp-content\/uploads\/logo-camping-kims-llafranc-costa-brava.png","contentUrl":"https:\/\/www.campingkims.com\/wp-content\/uploads\/logo-camping-kims-llafranc-costa-brava.png","width":537,"height":257,"caption":"Camping Kim's Llafranc"},"image":{"@id":"https:\/\/www.campingkims.com\/it\/#\/schema\/logo\/image\/"}}]}},"_links":{"self":[{"href":"https:\/\/www.campingkims.com\/it\/wp-json\/wp\/v2\/pages\/5877"}],"collection":[{"href":"https:\/\/www.campingkims.com\/it\/wp-json\/wp\/v2\/pages"}],"about":[{"href":"https:\/\/www.campingkims.com\/it\/wp-json\/wp\/v2\/types\/page"}],"author":[{"embeddable":true,"href":"https:\/\/www.campingkims.com\/it\/wp-json\/wp\/v2\/users\/1"}],"replies":[{"embeddable":true,"href":"https:\/\/www.campingkims.com\/it\/wp-json\/wp\/v2\/comments?post=5877"}],"version-history":[{"count":1,"href":"https:\/\/www.campingkims.com\/it\/wp-json\/wp\/v2\/pages\/5877\/revisions"}],"predecessor-version":[{"id":5878,"href":"https:\/\/www.campingkims.com\/it\/wp-json\/wp\/v2\/pages\/5877\/revisions\/5878"}],"wp:attachment":[{"href":"https:\/\/www.campingkims.com\/it\/wp-json\/wp\/v2\/media?parent=5877"}],"curies":[{"name":"wp","href":"https:\/\/api.w.org\/{rel}","templated":true}]}}