{"id":5881,"date":"2023-07-13T17:02:42","date_gmt":"2023-07-13T15:02:42","guid":{"rendered":"http:\/\/www.campingkims.com\/aviso-legal\/"},"modified":"2023-08-17T13:42:25","modified_gmt":"2023-08-17T11:42:25","slug":"avviso-legale","status":"publish","type":"page","link":"https:\/\/www.campingkims.com\/it\/avviso-legale\/","title":{"rendered":"Avviso legale"},"content":{"rendered":"\n<div class=\"wp-block-cover alignfull is-light cover-page animation--init--once is-style-no-margin\" style=\"margin-top:0px;margin-bottom:8vh;min-height:795px;aspect-ratio:unset;\"><span aria-hidden=\"true\" class=\"wp-block-cover__background has-background-dim-0 has-background-dim has-background-gradient has-theme-black-transparent-gradient-background\"><\/span><img loading=\"lazy\" decoding=\"async\" width=\"1920\" height=\"1280\" class=\"wp-block-cover__image-background wp-image-1159\" alt=\"\" src=\"http:\/\/www.campingkims.com\/wp-content\/uploads\/piscina-15.webp\" data-object-fit=\"cover\" srcset=\"https:\/\/www.campingkims.com\/wp-content\/uploads\/piscina-15.webp 1920w, https:\/\/www.campingkims.com\/wp-content\/uploads\/piscina-15-1024x683.webp 1024w, https:\/\/www.campingkims.com\/wp-content\/uploads\/piscina-15-768x512.webp 768w, https:\/\/www.campingkims.com\/wp-content\/uploads\/piscina-15-1536x1024.webp 1536w, https:\/\/www.campingkims.com\/wp-content\/uploads\/piscina-15-512x341.webp 512w, https:\/\/www.campingkims.com\/wp-content\/uploads\/piscina-15-256x171.webp 256w\" sizes=\"(max-width: 1920px) 100vw, 1920px\" \/><div class=\"wp-block-cover__inner-container is-layout-flow wp-block-cover-is-layout-flow\">\n<figure class=\"wp-block-image alignfull size-large animation--init--once slide-up is-style-no-margin waves\"><img loading=\"lazy\" decoding=\"async\" width=\"1700\" height=\"102\" src=\"http:\/\/www.campingkims.com\/wp-content\/uploads\/waves-orange-1.svg\" alt=\"\" class=\"wp-image-3751\"\/><\/figure>\n\n\n\n<div class=\"wp-block-group animation--init--once pop-up is-vertical is-content-justification-center is-layout-flex wp-container-core-group-is-layout-1 wp-block-group-is-layout-flex\">\n<h1 class=\"wp-block-heading has-text-align-center has-theme-white-color has-text-color\">Avviso legale<\/h1>\n\n\n\n<p class=\"has-text-align-center has-theme-white-color has-text-color has-roboto-slab-font-family has-h-5-font-size\" style=\"text-transform:uppercase\"><\/p>\n<\/div>\n<\/div><\/div>\n\n\n\n<div class=\"wp-block-group alignfull booking-section has-theme-orange-background-color has-background is-layout-constrained wp-block-group-is-layout-constrained\" style=\"margin-top:0px;margin-bottom:10vh\">\n<div class=\"wp-block-group alignwide animation--init--once booking-container has-theme-orange-background-color has-background is-vertical is-content-justification-center is-layout-flex wp-container-core-group-is-layout-3 wp-block-group-is-layout-flex\" style=\"border-radius:2rem;margin-top:0px;margin-bottom:0px;padding-top:3rem;padding-right:3rem;padding-bottom:3rem;padding-left:3rem\">\n<div class=\"wp-block-group animation--init--once alignwide booking-title is-vertical is-content-justification-center is-layout-flex wp-container-core-group-is-layout-2 wp-block-group-is-layout-flex\">\n<p class=\"has-theme-dark-purple-color has-text-color has-roboto-slab-font-family has-h-6-font-size\">PRENOTAZIONE ONLINE<\/p>\n\n\n\n<h3 class=\"wp-block-heading has-text-align-center has-theme-white-color has-text-color has-h-4-font-size\">Prenota le tue vacanze sulla Costa Brava<\/h3>\n\n\n\n<figure class=\"wp-block-image size-large is-resized wp-duotone-221b40-221b40-1\"><img loading=\"lazy\" decoding=\"async\" width=\"25\" height=\"9\" src=\"http:\/\/www.campingkims.com\/wp-content\/uploads\/ola-separadora.svg\" alt=\"\" class=\"wp-image-921\" style=\"width:70px\"\/><\/figure>\n<\/div>\n\n\n<script>\n            document.addEventListener('DOMContentLoaded', function () {\n\n                var widget = new MasterWidget('widgetBookingContainer3535', {\n                    lang: 'it',idProperty: '61',class: 'widget_columns',target: '_blank',dropdown: true,\n                    url: 'https:\/\/booking.campingkims.com'\n                });\n\n\n            });\n\n            <\/script><div id=\"widgetBookingContainer3535\"> <\/div>\n<\/div>\n<\/div>\n\n\n\n<p>Kim\u00b4s Camping SL con indirizzo a Llafranc (Girona), in Font d\u2019en Xeco, 1 e con C.I.F. numero B17083353 registrato nel registro mercantile di Llafranc, volume 116 Folio 103, numero foglio GI-4597, prima registrazione, proprietario dell\u2019URL www.campingkims.com e contattare il numero di telefono 972 30 11 56.<\/p>\n\n\n\n<p>Kim SL Camping SL \u00e8 la societ\u00e0 responsabile del sito Web all\u2019indirizzo www.campingkims.com, di seguito \u201cla societ\u00e0\u201d.<\/p>\n\n\n\n<p>Come utente, \u00e8 importante conoscere questi termini prima di continuare la navigazione.<\/p>\n\n\n\n<p>La societ\u00e0 responsabile di questo sito Web si assume l\u2019impegno di elaborare le informazioni degli utenti e dei clienti con garanzie complete e rispettare i requisiti nazionali ed europei che regolano la raccolta e l\u2019uso dei dati personali degli utenti.<\/p>\n\n\n\n<p>Questo sito web \u00e8 strettamente conforme alla legge organica 15\/1999, del 13 dicembre, sulla protezione dei dati personali (LOPD), e al regio decreto 1720\/2007, del 21 dicembre, noto come Regolamento di sviluppo del LOPD. \u00c8 inoltre conforme al regolamento (UE) 2016\/679 del Parlamento europeo e del Consiglio, del 27 aprile 2016, sulla protezione delle persone fisiche (GDPR), nonch\u00e9 alla legge 34\/2002, dell\u201911 luglio, del Societ\u00e0 dell\u2019informazione e servizi di commercio elettronico (LSSICE o LSSI).<\/p>\n\n\n\n<p><strong>Obblighi degli utenti<\/strong><\/p>\n\n\n\n<p>\u2019utente viene informato e accetta che l\u2019accesso a questo sito Web non implica in alcun modo l\u2019inizio di una relazione commerciale con la Camping SL di Kim. In questo modo, l\u2019utente accetta di utilizzare il sito Web, i suoi servizi e contenuti senza violare la legislazione vigente, la buona fede e l\u2019ordine pubblico.<\/p>\n\n\n\n<p>L\u2019uso del sito Web \u00e8 vietato, per scopi illeciti o dannosi, o che, in qualsiasi modo, pu\u00f2 causare danni o impedire il normale funzionamento del sito Web. Per quanto riguarda i contenuti di questo sito Web, \u00e8 vietato<\/p>\n\n\n\n<ul class=\"wp-block-list\">\n<li>La sua riproduzione, distribuzione o modifica, totale o parziale, se non espressamente autorizzato dalla societ\u00e0 come legittimo proprietario.<\/li>\n\n\n\n<li>Qualsiasi violazione dei diritti del fornitore o dell\u2019azienda come legittimo proprietario.<\/li>\n\n\n\n<li>Il suo utilizzo per scopi commerciali o pubblicitari.<\/li>\n<\/ul>\n\n\n\n<p>Nell\u2019uso del sito Web della societ\u00e0, l\u2019utente si impegna a non svolgere alcuna condotta che possa danneggiare l\u2019immagine, gli interessi e i diritti della societ\u00e0, di terzi o che potrebbe danneggiare, disabilitare o sovraccaricare il sito Web della societ\u00e0. societ\u00e0 che impedisce in alcun modo il normale utilizzo di detto sito web.<\/p>\n\n\n\n<p>Tuttavia, l\u2019utente deve essere consapevole che le misure di sicurezza dei sistemi informatici su Internet non sono del tutto affidabili e che, pertanto, la societ\u00e0 non pu\u00f2 garantire l\u2019assenza di malware o altri elementi che potrebbero causare alterazioni dei sistemi informatici ( software e hardware) dell\u2019utente o nei suoi documenti e file elettronici in esso contenuti, sebbene siano forniti tutti i mezzi necessari e le misure di sicurezza appropriate per evitare la presenza di questi elementi dannosi.<\/p>\n\n\n\n<p><strong>Dati personali<\/strong><\/p>\n\n\n\n<p>La societ\u00e0 \u00e8 pienamente conforme alla normativa vigente in materia di protezione dei dati personali e agli impegni di riservatezza della sua attivit\u00e0. La societ\u00e0 ha adottato le misure tecniche necessarie per mantenere il livello di sicurezza richiesto, in base alla natura dei dati personali trattati e alle circostanze del trattamento, al fine di evitare, per quanto possibile e sempre secondo lo stato dell\u2019arte , la sua alterazione, perdita, trattamento o accesso non autorizzato.<\/p>\n\n\n\n<p>La societ\u00e0 ha una politica sulla privacy che descrive, in dettaglio, i nostri sforzi per la trasparenza e la sicurezza delle informazioni che gestiamo.<\/p>\n\n\n\n<p><strong>Propriet\u00e0 intellettuale e industriale<\/strong><\/p>\n\n\n\n<p>Tutti i marchi, i nomi commerciali o i segni distintivi di qualsiasi tipo che appaiono sul sito Web sono di propriet\u00e0 dell\u2019azienda o di terzi autorizzati, senza che sia compreso che l\u2019uso o l\u2019accesso al sito Web attribuisce l\u2019Utente a tali marchi, nomi commerciali e \/ o segni distintivi.<\/p>\n\n\n\n<p>I contenuti sono di propriet\u00e0 intellettuale della societ\u00e0 o di terzi, senza essere intesi come assegnati all\u2019utente, in virt\u00f9 di quanto stabilito dall\u2019informativa sulla privacy.<\/p>\n\n\n\n<p><strong>responsabilit\u00e0<\/strong><\/p>\n\n\n\n<p>La societ\u00e0 non \u00e8 responsabile per eventuali danni o perdite di qualsiasi tipo causati all\u2019Utente che causino guasti o disconnessioni nelle reti di telecomunicazioni che causino la sospensione, la cancellazione o l\u2019interruzione del servizio del sito Web durante la fornitura di questo o con personaggio precedente<\/p>\n\n\n\n<p>La societ\u00e0 non \u00e8 responsabile per le informazioni e altri contenuti integrati in siti Web o spazi di terze parti accessibili dal portale di Kim\u2019s Camping SL tramite collegamenti, collegamenti ipertestuali o collegamenti, n\u00e9 per le informazioni e altri contenuti integrati in spazi o pagine Web di terze parti da quelli a cui si accede tramite collegamenti, collegamenti ipertestuali o collegamenti al portale.<\/p>\n\n\n\n<p>Il campeggio inoltre non si assume alcuna responsabilit\u00e0 per danni, perdite, reclami, reclami o spese, prodotti da:<\/p>\n\n\n\n<p>(I) Interferenze, interruzioni, guasti, omissioni, guasti telefonici, ritardi, blocchi o disconnessioni nel funzionamento del sistema elettronico, motivati \u200b\u200bda carenze, sovraccarichi ed errori nelle linee e nelle reti di telecomunicazione o per qualsiasi altra causa al di fuori del controllo del campeggio.<\/p>\n\n\n\n<p>(II) Intrusione illegale attraverso l\u2019uso di programmi dannosi di qualsiasi tipo e attraverso qualsiasi mezzo di comunicazione, come i virus informatici \u2026<\/p>\n\n\n\n<p>(III) Uso improprio o inappropriato delle pagine web del campeggio.<\/p>\n\n\n\n<p>(IV) Errori di sicurezza o di navigazione causati da un malfunzionamento del browser o dall\u2019uso di versioni non aggiornate.<\/p>\n\n\n\n<p><strong>Legge applicabile<\/strong><\/p>\n\n\n\n<p>La presente nota legale \u00e8 regolata in ogni suo estremo dalla legge spagnola e dal nuovo regolamento europeo sulla protezione dei dati 679\/2016.<\/p>\n\n\n\n<p>Per la risoluzione di eventuali conflitti che potrebbero derivare dall\u2019accesso al sito Web, all\u2019utente e al campeggio, si sottopongono espressamente ai tribunali della citt\u00e0 di Girona, rinunciando a qualsiasi altra giurisdizione generale o speciale applicabile.<\/p>\n\n\n\n<p>In queste condizioni, si applicher\u00e0 anche la Legge 34\/2002 dell\u201911 luglio sui servizi di informazione e e-mail.<\/p>\n","protected":false},"excerpt":{"rendered":"<p>Kim\u00b4s Camping SL con indirizzo a Llafranc (Girona), in Font d\u2019en Xeco, 1 e con C.I.F. numero B17083353 registrato nel registro mercantile di Llafranc, volume&#8230;<\/p>\n","protected":false},"author":1,"featured_media":0,"parent":0,"menu_order":9,"comment_status":"closed","ping_status":"open","template":"","meta":{"_acf_changed":false,"inline_featured_image":false,"footnotes":""},"class_list":["post-5881","page","type-page","status-publish","hentry"],"acf":[],"yoast_head":"<!-- This site is optimized with the Yoast SEO plugin v23.5 - https:\/\/yoast.com\/wordpress\/plugins\/seo\/ -->\n<title>Avviso legale - Camping Kim&#039;s Llafranc<\/title>\n<meta name=\"description\" content=\"Avviso legale Kim\u00b4s Camping SL con indirizzo a Llafranc (Girona), in Font d\u2019en Xeco, 1 e con C.I.F. numero B17083353 registrato nel registro mercantile di\" \/>\n<meta name=\"robots\" content=\"index, follow, max-snippet:-1, max-image-preview:large, max-video-preview:-1\" \/>\n<link rel=\"canonical\" href=\"https:\/\/www.campingkims.com\/it\/avviso-legale\/\" \/>\n<meta property=\"og:locale\" content=\"it_IT\" \/>\n<meta property=\"og:type\" content=\"article\" \/>\n<meta property=\"og:title\" content=\"Avviso legale - Camping Kim&#039;s Llafranc\" \/>\n<meta property=\"og:description\" content=\"Avviso legale Kim\u00b4s Camping SL con indirizzo a Llafranc (Girona), in Font d\u2019en Xeco, 1 e con C.I.F. numero B17083353 registrato nel registro mercantile di\" \/>\n<meta property=\"og:url\" content=\"https:\/\/www.campingkims.com\/it\/avviso-legale\/\" \/>\n<meta property=\"og:site_name\" content=\"Camping Kim&#039;s Llafranc\" \/>\n<meta property=\"article:modified_time\" content=\"2023-08-17T11:42:25+00:00\" \/>\n<meta property=\"og:image\" content=\"http:\/\/www.campingkims.com\/wp-content\/uploads\/piscina-15.webp\" \/>\n<meta name=\"twitter:card\" content=\"summary_large_image\" \/>\n<meta name=\"twitter:label1\" content=\"Tempo di lettura stimato\" \/>\n\t<meta name=\"twitter:data1\" content=\"5 minuti\" \/>\n<script type=\"application\/ld+json\" class=\"yoast-schema-graph\">{\"@context\":\"https:\/\/schema.org\",\"@graph\":[{\"@type\":\"WebPage\",\"@id\":\"https:\/\/www.campingkims.com\/it\/avviso-legale\/\",\"url\":\"https:\/\/www.campingkims.com\/it\/avviso-legale\/\",\"name\":\"Avviso legale - Camping Kim&#039;s Llafranc\",\"isPartOf\":{\"@id\":\"https:\/\/www.campingkims.com\/it\/#website\"},\"primaryImageOfPage\":{\"@id\":\"https:\/\/www.campingkims.com\/it\/avviso-legale\/#primaryimage\"},\"image\":{\"@id\":\"https:\/\/www.campingkims.com\/it\/avviso-legale\/#primaryimage\"},\"thumbnailUrl\":\"http:\/\/www.campingkims.com\/wp-content\/uploads\/piscina-15.webp\",\"datePublished\":\"2023-07-13T15:02:42+00:00\",\"dateModified\":\"2023-08-17T11:42:25+00:00\",\"description\":\"Avviso legale Kim\u00b4s Camping SL con indirizzo a Llafranc (Girona), in Font d\u2019en Xeco, 1 e con C.I.F. numero B17083353 registrato nel registro mercantile di\",\"breadcrumb\":{\"@id\":\"https:\/\/www.campingkims.com\/it\/avviso-legale\/#breadcrumb\"},\"inLanguage\":\"it-IT\",\"potentialAction\":[{\"@type\":\"ReadAction\",\"target\":[\"https:\/\/www.campingkims.com\/it\/avviso-legale\/\"]}]},{\"@type\":\"ImageObject\",\"inLanguage\":\"it-IT\",\"@id\":\"https:\/\/www.campingkims.com\/it\/avviso-legale\/#primaryimage\",\"url\":\"http:\/\/www.campingkims.com\/wp-content\/uploads\/piscina-15.webp\",\"contentUrl\":\"http:\/\/www.campingkims.com\/wp-content\/uploads\/piscina-15.webp\"},{\"@type\":\"BreadcrumbList\",\"@id\":\"https:\/\/www.campingkims.com\/it\/avviso-legale\/#breadcrumb\",\"itemListElement\":[{\"@type\":\"ListItem\",\"position\":1,\"name\":\"Portada\",\"item\":\"https:\/\/www.campingkims.com\/it\/\"},{\"@type\":\"ListItem\",\"position\":2,\"name\":\"Avviso legale\"}]},{\"@type\":\"WebSite\",\"@id\":\"https:\/\/www.campingkims.com\/it\/#website\",\"url\":\"https:\/\/www.campingkims.com\/it\/\",\"name\":\"Camping Kim's Llafranc\",\"description\":\"Kim&#039;s Camping Caravaning &amp; Bungalow Park\",\"publisher\":{\"@id\":\"https:\/\/www.campingkims.com\/it\/#organization\"},\"potentialAction\":[{\"@type\":\"SearchAction\",\"target\":{\"@type\":\"EntryPoint\",\"urlTemplate\":\"https:\/\/www.campingkims.com\/it\/?s={search_term_string}\"},\"query-input\":{\"@type\":\"PropertyValueSpecification\",\"valueRequired\":true,\"valueName\":\"search_term_string\"}}],\"inLanguage\":\"it-IT\"},{\"@type\":\"Organization\",\"@id\":\"https:\/\/www.campingkims.com\/it\/#organization\",\"name\":\"Camping Kim's Llafranc\",\"url\":\"https:\/\/www.campingkims.com\/it\/\",\"logo\":{\"@type\":\"ImageObject\",\"inLanguage\":\"it-IT\",\"@id\":\"https:\/\/www.campingkims.com\/it\/#\/schema\/logo\/image\/\",\"url\":\"https:\/\/www.campingkims.com\/wp-content\/uploads\/logo-camping-kims-llafranc-costa-brava.png\",\"contentUrl\":\"https:\/\/www.campingkims.com\/wp-content\/uploads\/logo-camping-kims-llafranc-costa-brava.png\",\"width\":537,\"height\":257,\"caption\":\"Camping Kim's Llafranc\"},\"image\":{\"@id\":\"https:\/\/www.campingkims.com\/it\/#\/schema\/logo\/image\/\"}}]}<\/script>\n<!-- \/ Yoast SEO plugin. -->","yoast_head_json":{"title":"Avviso legale - Camping Kim&#039;s Llafranc","description":"Avviso legale Kim\u00b4s Camping SL con indirizzo a Llafranc (Girona), in Font d\u2019en Xeco, 1 e con C.I.F. numero B17083353 registrato nel registro mercantile di","robots":{"index":"index","follow":"follow","max-snippet":"max-snippet:-1","max-image-preview":"max-image-preview:large","max-video-preview":"max-video-preview:-1"},"canonical":"https:\/\/www.campingkims.com\/it\/avviso-legale\/","og_locale":"it_IT","og_type":"article","og_title":"Avviso legale - Camping Kim&#039;s Llafranc","og_description":"Avviso legale Kim\u00b4s Camping SL con indirizzo a Llafranc (Girona), in Font d\u2019en Xeco, 1 e con C.I.F. numero B17083353 registrato nel registro mercantile di","og_url":"https:\/\/www.campingkims.com\/it\/avviso-legale\/","og_site_name":"Camping Kim&#039;s Llafranc","article_modified_time":"2023-08-17T11:42:25+00:00","og_image":[{"url":"http:\/\/www.campingkims.com\/wp-content\/uploads\/piscina-15.webp"}],"twitter_card":"summary_large_image","twitter_misc":{"Tempo di lettura stimato":"5 minuti"},"schema":{"@context":"https:\/\/schema.org","@graph":[{"@type":"WebPage","@id":"https:\/\/www.campingkims.com\/it\/avviso-legale\/","url":"https:\/\/www.campingkims.com\/it\/avviso-legale\/","name":"Avviso legale - Camping Kim&#039;s Llafranc","isPartOf":{"@id":"https:\/\/www.campingkims.com\/it\/#website"},"primaryImageOfPage":{"@id":"https:\/\/www.campingkims.com\/it\/avviso-legale\/#primaryimage"},"image":{"@id":"https:\/\/www.campingkims.com\/it\/avviso-legale\/#primaryimage"},"thumbnailUrl":"http:\/\/www.campingkims.com\/wp-content\/uploads\/piscina-15.webp","datePublished":"2023-07-13T15:02:42+00:00","dateModified":"2023-08-17T11:42:25+00:00","description":"Avviso legale Kim\u00b4s Camping SL con indirizzo a Llafranc (Girona), in Font d\u2019en Xeco, 1 e con C.I.F. numero B17083353 registrato nel registro mercantile di","breadcrumb":{"@id":"https:\/\/www.campingkims.com\/it\/avviso-legale\/#breadcrumb"},"inLanguage":"it-IT","potentialAction":[{"@type":"ReadAction","target":["https:\/\/www.campingkims.com\/it\/avviso-legale\/"]}]},{"@type":"ImageObject","inLanguage":"it-IT","@id":"https:\/\/www.campingkims.com\/it\/avviso-legale\/#primaryimage","url":"http:\/\/www.campingkims.com\/wp-content\/uploads\/piscina-15.webp","contentUrl":"http:\/\/www.campingkims.com\/wp-content\/uploads\/piscina-15.webp"},{"@type":"BreadcrumbList","@id":"https:\/\/www.campingkims.com\/it\/avviso-legale\/#breadcrumb","itemListElement":[{"@type":"ListItem","position":1,"name":"Portada","item":"https:\/\/www.campingkims.com\/it\/"},{"@type":"ListItem","position":2,"name":"Avviso legale"}]},{"@type":"WebSite","@id":"https:\/\/www.campingkims.com\/it\/#website","url":"https:\/\/www.campingkims.com\/it\/","name":"Camping Kim's Llafranc","description":"Kim&#039;s Camping Caravaning &amp; Bungalow Park","publisher":{"@id":"https:\/\/www.campingkims.com\/it\/#organization"},"potentialAction":[{"@type":"SearchAction","target":{"@type":"EntryPoint","urlTemplate":"https:\/\/www.campingkims.com\/it\/?s={search_term_string}"},"query-input":{"@type":"PropertyValueSpecification","valueRequired":true,"valueName":"search_term_string"}}],"inLanguage":"it-IT"},{"@type":"Organization","@id":"https:\/\/www.campingkims.com\/it\/#organization","name":"Camping Kim's Llafranc","url":"https:\/\/www.campingkims.com\/it\/","logo":{"@type":"ImageObject","inLanguage":"it-IT","@id":"https:\/\/www.campingkims.com\/it\/#\/schema\/logo\/image\/","url":"https:\/\/www.campingkims.com\/wp-content\/uploads\/logo-camping-kims-llafranc-costa-brava.png","contentUrl":"https:\/\/www.campingkims.com\/wp-content\/uploads\/logo-camping-kims-llafranc-costa-brava.png","width":537,"height":257,"caption":"Camping Kim's Llafranc"},"image":{"@id":"https:\/\/www.campingkims.com\/it\/#\/schema\/logo\/image\/"}}]}},"_links":{"self":[{"href":"https:\/\/www.campingkims.com\/it\/wp-json\/wp\/v2\/pages\/5881"}],"collection":[{"href":"https:\/\/www.campingkims.com\/it\/wp-json\/wp\/v2\/pages"}],"about":[{"href":"https:\/\/www.campingkims.com\/it\/wp-json\/wp\/v2\/types\/page"}],"author":[{"embeddable":true,"href":"https:\/\/www.campingkims.com\/it\/wp-json\/wp\/v2\/users\/1"}],"replies":[{"embeddable":true,"href":"https:\/\/www.campingkims.com\/it\/wp-json\/wp\/v2\/comments?post=5881"}],"version-history":[{"count":2,"href":"https:\/\/www.campingkims.com\/it\/wp-json\/wp\/v2\/pages\/5881\/revisions"}],"predecessor-version":[{"id":5884,"href":"https:\/\/www.campingkims.com\/it\/wp-json\/wp\/v2\/pages\/5881\/revisions\/5884"}],"wp:attachment":[{"href":"https:\/\/www.campingkims.com\/it\/wp-json\/wp\/v2\/media?parent=5881"}],"curies":[{"name":"wp","href":"https:\/\/api.w.org\/{rel}","templated":true}]}}